{"id":70,"date":"2014-11-23T16:59:01","date_gmt":"2014-11-23T16:59:01","guid":{"rendered":"http:\/\/sabine-hartmann-sibbesse.de\/?page_id=70"},"modified":"2014-11-23T16:59:01","modified_gmt":"2014-11-23T16:59:01","slug":"katzenmelodie","status":"publish","type":"page","link":"https:\/\/sabine-hartmann-sibbesse.de\/?page_id=70","title":{"rendered":"Katzenmelodie"},"content":{"rendered":"<p><a href=\"http:\/\/sabine-hartmann-sibbesse.de\/wp-content\/uploads\/2014\/11\/Katzenmelodie_JugendKrimi-Titelbild.jpg\"><img loading=\"lazy\" decoding=\"async\" class=\"alignright wp-image-71 size-medium\" src=\"http:\/\/sabine-hartmann-sibbesse.de\/wp-content\/uploads\/2014\/11\/Katzenmelodie_JugendKrimi-Titelbild-197x300.jpg\" alt=\"Katzenmelodie_JugendKrimi Titelbild\" width=\"197\" height=\"300\" srcset=\"https:\/\/sabine-hartmann-sibbesse.de\/wp-content\/uploads\/2014\/11\/Katzenmelodie_JugendKrimi-Titelbild-197x300.jpg 197w, https:\/\/sabine-hartmann-sibbesse.de\/wp-content\/uploads\/2014\/11\/Katzenmelodie_JugendKrimi-Titelbild-673x1024.jpg 673w, https:\/\/sabine-hartmann-sibbesse.de\/wp-content\/uploads\/2014\/11\/Katzenmelodie_JugendKrimi-Titelbild-624x949.jpg 624w, https:\/\/sabine-hartmann-sibbesse.de\/wp-content\/uploads\/2014\/11\/Katzenmelodie_JugendKrimi-Titelbild.jpg 1477w\" sizes=\"auto, (max-width: 197px) 100vw, 197px\" \/><\/a>Larissa klaut ihrer Klavierlehrerin Charlotte Kronenbaum 50 \u20ac. Sie braucht dringend Geld, denn niemand soll erfahren, dass ihr Vater auf Hartz IV ist. Im Laufe des Nachmittags plagt ihr Gewissen sie immer st\u00e4rker, und sie beschlie\u00dft, das Geld heimlich zur\u00fcckzulegen.<\/p>\n<p>Als sie die Wohnung betritt, liegt Frau Kronenbaum tot in der K\u00fcche. Panisch l\u00e4uft Larissa davon. Doch sie wird beobachtet und ger\u00e4t unter Verdacht. Wie kann sie beweisen, dass sie unschuldig ist? Warum taucht dieser d\u00e4mliche Tom st\u00e4ndig in Larissas N\u00e4he auf? Will er sie erpressen? Warum verh\u00e4lt sich die Katze so neurotisch? Um sich selbst zu entlasten, will Larissa herausfinden, was sich in der Wohnung abgespielt hat. Doch irgendjemand versucht, das zu verhindern, mit allen Mitteln.<\/p>\n<p>Larissa f\u00fchlt sich von allen im Stich gelassen und wei\u00df nicht, wen sie um Hilfe bitten kann.<\/p>\n<p>C.W. Niemeyer Verlag, ISBN 978-3-8271-9572-2, Sep. 2013, 224 Seiten, 9,95 \u20ac<\/p>\n<p>&nbsp;<\/p>\n","protected":false},"excerpt":{"rendered":"<p>Larissa klaut ihrer Klavierlehrerin Charlotte Kronenbaum 50 \u20ac. Sie braucht dringend Geld, denn niemand soll erfahren, dass ihr Vater auf Hartz IV ist. Im Laufe des Nachmittags plagt ihr Gewissen sie immer st\u00e4rker, und sie beschlie\u00dft, das Geld heimlich zur\u00fcckzulegen. Als sie die Wohnung betritt, liegt Frau Kronenbaum tot in der K\u00fcche. Panisch l\u00e4uft Larissa [&hellip;]<\/p>\n","protected":false},"author":1,"featured_media":0,"parent":47,"menu_order":0,"comment_status":"open","ping_status":"open","template":"","meta":{"footnotes":""},"class_list":["post-70","page","type-page","status-publish","hentry"],"_links":{"self":[{"href":"https:\/\/sabine-hartmann-sibbesse.de\/index.php?rest_route=\/wp\/v2\/pages\/70","targetHints":{"allow":["GET"]}}],"collection":[{"href":"https:\/\/sabine-hartmann-sibbesse.de\/index.php?rest_route=\/wp\/v2\/pages"}],"about":[{"href":"https:\/\/sabine-hartmann-sibbesse.de\/index.php?rest_route=\/wp\/v2\/types\/page"}],"author":[{"embeddable":true,"href":"https:\/\/sabine-hartmann-sibbesse.de\/index.php?rest_route=\/wp\/v2\/users\/1"}],"replies":[{"embeddable":true,"href":"https:\/\/sabine-hartmann-sibbesse.de\/index.php?rest_route=%2Fwp%2Fv2%2Fcomments&post=70"}],"version-history":[{"count":1,"href":"https:\/\/sabine-hartmann-sibbesse.de\/index.php?rest_route=\/wp\/v2\/pages\/70\/revisions"}],"predecessor-version":[{"id":72,"href":"https:\/\/sabine-hartmann-sibbesse.de\/index.php?rest_route=\/wp\/v2\/pages\/70\/revisions\/72"}],"up":[{"embeddable":true,"href":"https:\/\/sabine-hartmann-sibbesse.de\/index.php?rest_route=\/wp\/v2\/pages\/47"}],"wp:attachment":[{"href":"https:\/\/sabine-hartmann-sibbesse.de\/index.php?rest_route=%2Fwp%2Fv2%2Fmedia&parent=70"}],"curies":[{"name":"wp","href":"https:\/\/api.w.org\/{rel}","templated":true}]}}