{"id":68,"date":"2014-11-23T16:57:18","date_gmt":"2014-11-23T16:57:18","guid":{"rendered":"http:\/\/sabine-hartmann-sibbesse.de\/?page_id=68"},"modified":"2014-11-23T18:27:39","modified_gmt":"2014-11-23T18:27:39","slug":"eiskalt-verzockt","status":"publish","type":"page","link":"https:\/\/sabine-hartmann-sibbesse.de\/?page_id=68","title":{"rendered":"Eiskalt verzockt"},"content":{"rendered":"<p>Es war eine Schnapsidee, spontan und urpl\u00f6tzlich. Die Gunst der Stunde wollten sie ausnutzen, <a href=\"http:\/\/sabine-hartmann-sibbesse.de\/wp-content\/uploads\/2014\/11\/00000001.jpg\"><img loading=\"lazy\" decoding=\"async\" class=\"alignright wp-image-137 size-medium\" src=\"http:\/\/sabine-hartmann-sibbesse.de\/wp-content\/uploads\/2014\/11\/00000001-194x300.jpg\" alt=\"00000001\" width=\"194\" height=\"300\" srcset=\"https:\/\/sabine-hartmann-sibbesse.de\/wp-content\/uploads\/2014\/11\/00000001-194x300.jpg 194w, https:\/\/sabine-hartmann-sibbesse.de\/wp-content\/uploads\/2014\/11\/00000001-663x1024.jpg 663w, https:\/\/sabine-hartmann-sibbesse.de\/wp-content\/uploads\/2014\/11\/00000001-624x963.jpg 624w, https:\/\/sabine-hartmann-sibbesse.de\/wp-content\/uploads\/2014\/11\/00000001.jpg 1472w\" sizes=\"auto, (max-width: 194px) 100vw, 194px\" \/><\/a>das schnelle Geld verdienen, doch nun geht alles schief. Was sollen sie tun, wenn das Baby stirbt?<\/p>\n<p>Der Schauspieler Till Vogel kam zum Gastauftritt in die Provinz. Eigentlich wollte er sich feiern lassen. Noch vor dem ersten Auftritt wurde sein Sohn entf\u00fchrt. Er war sofort bereit, das L\u00f6segeld zu zahlen. Doch die \u00dcbergabe scheiterte, und die T\u00e4ter lassen lange nichts mehr von sich h\u00f6ren.<\/p>\n<p>Sarah und Elena hatten sich seit Tagen auf den Auftritt Till Vogels gefreut. Sie hofften, ihn anschlie\u00dfend f\u00fcr die Sch\u00fclerzeitung interviewen zu k\u00f6nnen. Ehrensache, dass sie nun bei der Suche nach dem entf\u00fchrten Baby helfen wollen. Doch sie merken nicht, wie nah sie den Entf\u00fchrern bei ihren Nachforschungen kommen.<\/p>\n<p>C.W. Niemeyer Verlag, ISBN 978-3-8271-9570-8, M\u00e4rz 2013, 240 Seiten, 9,95 \u20ac<\/p>\n<p>Zu diesem Buch gibt es ein <a title=\"Unterrichtsmaterial zu \u201cEiskalt verzockt\u201d\" href=\"http:\/\/sabine-hartmann-sibbesse.de\/?p=135\">Unterrichtsmodell<\/a>.<\/p>\n","protected":false},"excerpt":{"rendered":"<p>Es war eine Schnapsidee, spontan und urpl\u00f6tzlich. Die Gunst der Stunde wollten sie ausnutzen, das schnelle Geld verdienen, doch nun geht alles schief. Was sollen sie tun, wenn das Baby stirbt? Der Schauspieler Till Vogel kam zum Gastauftritt in die Provinz. Eigentlich wollte er sich feiern lassen. Noch vor dem ersten Auftritt wurde sein Sohn [&hellip;]<\/p>\n","protected":false},"author":1,"featured_media":0,"parent":47,"menu_order":0,"comment_status":"open","ping_status":"open","template":"","meta":{"footnotes":""},"class_list":["post-68","page","type-page","status-publish","hentry"],"_links":{"self":[{"href":"https:\/\/sabine-hartmann-sibbesse.de\/index.php?rest_route=\/wp\/v2\/pages\/68","targetHints":{"allow":["GET"]}}],"collection":[{"href":"https:\/\/sabine-hartmann-sibbesse.de\/index.php?rest_route=\/wp\/v2\/pages"}],"about":[{"href":"https:\/\/sabine-hartmann-sibbesse.de\/index.php?rest_route=\/wp\/v2\/types\/page"}],"author":[{"embeddable":true,"href":"https:\/\/sabine-hartmann-sibbesse.de\/index.php?rest_route=\/wp\/v2\/users\/1"}],"replies":[{"embeddable":true,"href":"https:\/\/sabine-hartmann-sibbesse.de\/index.php?rest_route=%2Fwp%2Fv2%2Fcomments&post=68"}],"version-history":[{"count":3,"href":"https:\/\/sabine-hartmann-sibbesse.de\/index.php?rest_route=\/wp\/v2\/pages\/68\/revisions"}],"predecessor-version":[{"id":139,"href":"https:\/\/sabine-hartmann-sibbesse.de\/index.php?rest_route=\/wp\/v2\/pages\/68\/revisions\/139"}],"up":[{"embeddable":true,"href":"https:\/\/sabine-hartmann-sibbesse.de\/index.php?rest_route=\/wp\/v2\/pages\/47"}],"wp:attachment":[{"href":"https:\/\/sabine-hartmann-sibbesse.de\/index.php?rest_route=%2Fwp%2Fv2%2Fmedia&parent=68"}],"curies":[{"name":"wp","href":"https:\/\/api.w.org\/{rel}","templated":true}]}}