{"id":651,"date":"2018-04-27T16:39:50","date_gmt":"2018-04-27T16:39:50","guid":{"rendered":"http:\/\/sabine-hartmann-sibbesse.de\/?page_id=651"},"modified":"2018-05-09T18:46:08","modified_gmt":"2018-05-09T18:46:08","slug":"noitzbuch-fuer-die-hosentasche","status":"publish","type":"page","link":"https:\/\/sabine-hartmann-sibbesse.de\/?page_id=651","title":{"rendered":"Notizbuch f\u00fcr die Hosentasche"},"content":{"rendered":"<p><a href=\"http:\/\/sabine-hartmann-sibbesse.de\/wp-content\/uploads\/2018\/04\/Titel-Notizbuch.jpg\"><img loading=\"lazy\" decoding=\"async\" class=\"alignright size-medium wp-image-646\" src=\"http:\/\/sabine-hartmann-sibbesse.de\/wp-content\/uploads\/2018\/04\/Titel-Notizbuch-195x300.jpg\" alt=\"\" width=\"195\" height=\"300\" srcset=\"https:\/\/sabine-hartmann-sibbesse.de\/wp-content\/uploads\/2018\/04\/Titel-Notizbuch-195x300.jpg 195w, https:\/\/sabine-hartmann-sibbesse.de\/wp-content\/uploads\/2018\/04\/Titel-Notizbuch-768x1184.jpg 768w, https:\/\/sabine-hartmann-sibbesse.de\/wp-content\/uploads\/2018\/04\/Titel-Notizbuch-664x1024.jpg 664w, https:\/\/sabine-hartmann-sibbesse.de\/wp-content\/uploads\/2018\/04\/Titel-Notizbuch-624x962.jpg 624w, https:\/\/sabine-hartmann-sibbesse.de\/wp-content\/uploads\/2018\/04\/Titel-Notizbuch.jpg 1150w\" sizes=\"auto, (max-width: 195px) 100vw, 195px\" \/><\/a>Haben Sie eine z\u00fcndende Idee?<br \/>\nDieses B\u00fcchlein bietet Ihnen genug Platz f\u00fcr spontane Einf\u00e4lle, sodass Sie Ihre Texte gleich notieren k\u00f6nnen, wo immer Sie gerade sind.<br \/>\nDas B\u00fcchlein passt in die Hosen- oder Handtasche. So k\u00f6nnen Sie jederzeit kreativ werden.<br \/>\n4,90 \u20ac \u00fcber unseren Shop beim Hottenstein Verlag.<\/p>\n<p><a href=\"https:\/\/hottenstein.de\/product_info.php?info=p84_notizbuch-fuer-die-hosentasche.html\">https:\/\/hottenstein.de\/product_info.php?info=p84_notizbuch-fuer-die-hosentasche.html<\/a><\/p>\n","protected":false},"excerpt":{"rendered":"<p>Haben Sie eine z\u00fcndende Idee? Dieses B\u00fcchlein bietet Ihnen genug Platz f\u00fcr spontane Einf\u00e4lle, sodass Sie Ihre Texte gleich notieren k\u00f6nnen, wo immer Sie gerade sind. Das B\u00fcchlein passt in die Hosen- oder Handtasche. So k\u00f6nnen Sie jederzeit kreativ werden. 4,90 \u20ac \u00fcber unseren Shop beim Hottenstein Verlag. https:\/\/hottenstein.de\/product_info.php?info=p84_notizbuch-fuer-die-hosentasche.html<\/p>\n","protected":false},"author":1,"featured_media":0,"parent":51,"menu_order":4,"comment_status":"closed","ping_status":"closed","template":"","meta":{"footnotes":""},"class_list":["post-651","page","type-page","status-publish","hentry"],"_links":{"self":[{"href":"https:\/\/sabine-hartmann-sibbesse.de\/index.php?rest_route=\/wp\/v2\/pages\/651","targetHints":{"allow":["GET"]}}],"collection":[{"href":"https:\/\/sabine-hartmann-sibbesse.de\/index.php?rest_route=\/wp\/v2\/pages"}],"about":[{"href":"https:\/\/sabine-hartmann-sibbesse.de\/index.php?rest_route=\/wp\/v2\/types\/page"}],"author":[{"embeddable":true,"href":"https:\/\/sabine-hartmann-sibbesse.de\/index.php?rest_route=\/wp\/v2\/users\/1"}],"replies":[{"embeddable":true,"href":"https:\/\/sabine-hartmann-sibbesse.de\/index.php?rest_route=%2Fwp%2Fv2%2Fcomments&post=651"}],"version-history":[{"count":2,"href":"https:\/\/sabine-hartmann-sibbesse.de\/index.php?rest_route=\/wp\/v2\/pages\/651\/revisions"}],"predecessor-version":[{"id":662,"href":"https:\/\/sabine-hartmann-sibbesse.de\/index.php?rest_route=\/wp\/v2\/pages\/651\/revisions\/662"}],"up":[{"embeddable":true,"href":"https:\/\/sabine-hartmann-sibbesse.de\/index.php?rest_route=\/wp\/v2\/pages\/51"}],"wp:attachment":[{"href":"https:\/\/sabine-hartmann-sibbesse.de\/index.php?rest_route=%2Fwp%2Fv2%2Fmedia&parent=651"}],"curies":[{"name":"wp","href":"https:\/\/api.w.org\/{rel}","templated":true}]}}