{"id":55,"date":"2014-11-23T16:46:31","date_gmt":"2014-11-23T16:46:31","guid":{"rendered":"http:\/\/sabine-hartmann-sibbesse.de\/?page_id=55"},"modified":"2014-11-23T17:01:59","modified_gmt":"2014-11-23T17:01:59","slug":"sechs-sieben-cache","status":"publish","type":"page","link":"https:\/\/sabine-hartmann-sibbesse.de\/?page_id=55","title":{"rendered":"Sechs, Sieben, Cache"},"content":{"rendered":"<p><a href=\"http:\/\/sabine-hartmann-sibbesse.de\/wp-content\/uploads\/2014\/11\/Titelbild-Sechs_Sieben_Cache_RGB.jpg\"><img loading=\"lazy\" decoding=\"async\" class=\"alignright wp-image-56 size-medium\" src=\"http:\/\/sabine-hartmann-sibbesse.de\/wp-content\/uploads\/2014\/11\/Titelbild-Sechs_Sieben_Cache_RGB-197x300.jpg\" alt=\"Titelbild Sechs_Sieben_Cache_RGB\" width=\"197\" height=\"300\" srcset=\"https:\/\/sabine-hartmann-sibbesse.de\/wp-content\/uploads\/2014\/11\/Titelbild-Sechs_Sieben_Cache_RGB-197x300.jpg 197w, https:\/\/sabine-hartmann-sibbesse.de\/wp-content\/uploads\/2014\/11\/Titelbild-Sechs_Sieben_Cache_RGB-674x1024.jpg 674w, https:\/\/sabine-hartmann-sibbesse.de\/wp-content\/uploads\/2014\/11\/Titelbild-Sechs_Sieben_Cache_RGB-624x948.jpg 624w, https:\/\/sabine-hartmann-sibbesse.de\/wp-content\/uploads\/2014\/11\/Titelbild-Sechs_Sieben_Cache_RGB.jpg 1479w\" sizes=\"auto, (max-width: 197px) 100vw, 197px\" \/><\/a>Der neue Fall f\u00fcr Lisa Grundberg und Markus Heitk\u00e4mper beginnt mit einem abgetrennten Finger, den Kinder beim Geocachen finden. Schnell stellt sich heraus, dass der Cachefund einen Mord ank\u00fcndigt und dass der T\u00e4ter beabsichtigt, acht Caches zu legen.<\/p>\n<p>Lisa ist entsetzt. Acht angek\u00fcndigte Morde? Sie setzt alles daran, das zu verhindern, doch der T\u00e4ter scheint ihnen st\u00e4ndig einen Schritt voraus zu sein. Oder hat er es eigentlich auf Lisa abgesehen? Soll sie das achte Opfer werden?<\/p>\n<p>C.W. Niemeyer Verlag, ISBN 978-3-8271-9457-2, September 2012, 408 Seiten, 9,95 \u20ac<\/p>\n","protected":false},"excerpt":{"rendered":"<p>Der neue Fall f\u00fcr Lisa Grundberg und Markus Heitk\u00e4mper beginnt mit einem abgetrennten Finger, den Kinder beim Geocachen finden. Schnell stellt sich heraus, dass der Cachefund einen Mord ank\u00fcndigt und dass der T\u00e4ter beabsichtigt, acht Caches zu legen. Lisa ist entsetzt. Acht angek\u00fcndigte Morde? Sie setzt alles daran, das zu verhindern, doch der T\u00e4ter scheint [&hellip;]<\/p>\n","protected":false},"author":1,"featured_media":0,"parent":16,"menu_order":0,"comment_status":"open","ping_status":"open","template":"","meta":{"footnotes":""},"class_list":["post-55","page","type-page","status-publish","hentry"],"_links":{"self":[{"href":"https:\/\/sabine-hartmann-sibbesse.de\/index.php?rest_route=\/wp\/v2\/pages\/55","targetHints":{"allow":["GET"]}}],"collection":[{"href":"https:\/\/sabine-hartmann-sibbesse.de\/index.php?rest_route=\/wp\/v2\/pages"}],"about":[{"href":"https:\/\/sabine-hartmann-sibbesse.de\/index.php?rest_route=\/wp\/v2\/types\/page"}],"author":[{"embeddable":true,"href":"https:\/\/sabine-hartmann-sibbesse.de\/index.php?rest_route=\/wp\/v2\/users\/1"}],"replies":[{"embeddable":true,"href":"https:\/\/sabine-hartmann-sibbesse.de\/index.php?rest_route=%2Fwp%2Fv2%2Fcomments&post=55"}],"version-history":[{"count":1,"href":"https:\/\/sabine-hartmann-sibbesse.de\/index.php?rest_route=\/wp\/v2\/pages\/55\/revisions"}],"predecessor-version":[{"id":57,"href":"https:\/\/sabine-hartmann-sibbesse.de\/index.php?rest_route=\/wp\/v2\/pages\/55\/revisions\/57"}],"up":[{"embeddable":true,"href":"https:\/\/sabine-hartmann-sibbesse.de\/index.php?rest_route=\/wp\/v2\/pages\/16"}],"wp:attachment":[{"href":"https:\/\/sabine-hartmann-sibbesse.de\/index.php?rest_route=%2Fwp%2Fv2%2Fmedia&parent=55"}],"curies":[{"name":"wp","href":"https:\/\/api.w.org\/{rel}","templated":true}]}}