{"id":491,"date":"2017-10-06T08:11:56","date_gmt":"2017-10-06T08:11:56","guid":{"rendered":"http:\/\/sabine-hartmann-sibbesse.de\/?page_id=491"},"modified":"2017-10-06T08:11:56","modified_gmt":"2017-10-06T08:11:56","slug":"postkartenkrimis","status":"publish","type":"page","link":"https:\/\/sabine-hartmann-sibbesse.de\/?page_id=491","title":{"rendered":"Postkartenkrimis"},"content":{"rendered":"<p>Sie sind so kurz und knackig, dass sie auf eine Postkarte passen. Es macht riesigen Spa\u00df, sie zu schreiben und auch, sie zu lesen. Es ist problemlos m\u00f6glich, welche f\u00fcr bestimmte Anl\u00e4sse oder zu besonderen Themen zu schreiben (Konzert, Garten, Tierhaltung &#8230;) und auch \u00f6rtlich lassen sie sich prima anordnen.<\/p>\n<p>Wer selbst einmal welche schreiben m\u00f6chte, kann in meinem kleinen B\u00fcchlein \u00fcbers Schreiben von &#8222;K\u00fcrzestkrimis&#8220; ausprobieren, wie das geht.<\/p>\n<p><a href=\"http:\/\/sabine-hartmann-sibbesse.de\/wp-content\/uploads\/2017\/10\/postkarte-kompost.jpg\"><img loading=\"lazy\" decoding=\"async\" class=\"alignright size-medium wp-image-492\" src=\"http:\/\/sabine-hartmann-sibbesse.de\/wp-content\/uploads\/2017\/10\/postkarte-kompost-300x210.jpg\" alt=\"\" width=\"300\" height=\"210\" srcset=\"https:\/\/sabine-hartmann-sibbesse.de\/wp-content\/uploads\/2017\/10\/postkarte-kompost-300x210.jpg 300w, https:\/\/sabine-hartmann-sibbesse.de\/wp-content\/uploads\/2017\/10\/postkarte-kompost.jpg 369w\" sizes=\"auto, (max-width: 300px) 100vw, 300px\" \/><\/a><\/p>\n","protected":false},"excerpt":{"rendered":"<p>Sie sind so kurz und knackig, dass sie auf eine Postkarte passen. Es macht riesigen Spa\u00df, sie zu schreiben und auch, sie zu lesen. Es ist problemlos m\u00f6glich, welche f\u00fcr bestimmte Anl\u00e4sse oder zu besonderen Themen zu schreiben (Konzert, Garten, Tierhaltung &#8230;) und auch \u00f6rtlich lassen sie sich prima anordnen. Wer selbst einmal welche schreiben [&hellip;]<\/p>\n","protected":false},"author":1,"featured_media":0,"parent":176,"menu_order":8,"comment_status":"closed","ping_status":"closed","template":"","meta":{"footnotes":""},"class_list":["post-491","page","type-page","status-publish","hentry"],"_links":{"self":[{"href":"https:\/\/sabine-hartmann-sibbesse.de\/index.php?rest_route=\/wp\/v2\/pages\/491","targetHints":{"allow":["GET"]}}],"collection":[{"href":"https:\/\/sabine-hartmann-sibbesse.de\/index.php?rest_route=\/wp\/v2\/pages"}],"about":[{"href":"https:\/\/sabine-hartmann-sibbesse.de\/index.php?rest_route=\/wp\/v2\/types\/page"}],"author":[{"embeddable":true,"href":"https:\/\/sabine-hartmann-sibbesse.de\/index.php?rest_route=\/wp\/v2\/users\/1"}],"replies":[{"embeddable":true,"href":"https:\/\/sabine-hartmann-sibbesse.de\/index.php?rest_route=%2Fwp%2Fv2%2Fcomments&post=491"}],"version-history":[{"count":1,"href":"https:\/\/sabine-hartmann-sibbesse.de\/index.php?rest_route=\/wp\/v2\/pages\/491\/revisions"}],"predecessor-version":[{"id":493,"href":"https:\/\/sabine-hartmann-sibbesse.de\/index.php?rest_route=\/wp\/v2\/pages\/491\/revisions\/493"}],"up":[{"embeddable":true,"href":"https:\/\/sabine-hartmann-sibbesse.de\/index.php?rest_route=\/wp\/v2\/pages\/176"}],"wp:attachment":[{"href":"https:\/\/sabine-hartmann-sibbesse.de\/index.php?rest_route=%2Fwp%2Fv2%2Fmedia&parent=491"}],"curies":[{"name":"wp","href":"https:\/\/api.w.org\/{rel}","templated":true}]}}