{"id":384,"date":"2016-11-21T17:27:06","date_gmt":"2016-11-21T17:27:06","guid":{"rendered":"http:\/\/sabine-hartmann-sibbesse.de\/?page_id=384"},"modified":"2016-11-21T17:27:06","modified_gmt":"2016-11-21T17:27:06","slug":"blutspur-durch-elze","status":"publish","type":"page","link":"https:\/\/sabine-hartmann-sibbesse.de\/?page_id=384","title":{"rendered":"Blutspur durch Elze"},"content":{"rendered":"<p>Wenn sich die Saale blutrot f\u00e4rbt, k\u00f6nnte das am Sonnenuntergang \u00fcber der Stadt Elze liegen&#8230; oder an dem Toten, den jemand dort verschwinden lassen wollte. Auch das Schwimmbad, die M\u00e4usemutter und der Papendahl werden zu Schaupl\u00e4tzen, so dass Sie die Stadt an der Leine und die umliegenden Orte aus einer ganz neuen Perspektive kennenlernen k\u00f6nnen.<a href=\"http:\/\/sabine-hartmann-sibbesse.de\/wp-content\/uploads\/2016\/11\/Titel-Blutspur-durch-Elze.jpg\"><img loading=\"lazy\" decoding=\"async\" class=\"alignright size-medium wp-image-385\" src=\"http:\/\/sabine-hartmann-sibbesse.de\/wp-content\/uploads\/2016\/11\/Titel-Blutspur-durch-Elze-196x300.jpg\" alt=\"Titel Blutspur durch Elze\" width=\"196\" height=\"300\" srcset=\"https:\/\/sabine-hartmann-sibbesse.de\/wp-content\/uploads\/2016\/11\/Titel-Blutspur-durch-Elze-196x300.jpg 196w, https:\/\/sabine-hartmann-sibbesse.de\/wp-content\/uploads\/2016\/11\/Titel-Blutspur-durch-Elze-768x1176.jpg 768w, https:\/\/sabine-hartmann-sibbesse.de\/wp-content\/uploads\/2016\/11\/Titel-Blutspur-durch-Elze-669x1024.jpg 669w, https:\/\/sabine-hartmann-sibbesse.de\/wp-content\/uploads\/2016\/11\/Titel-Blutspur-durch-Elze-624x956.jpg 624w, https:\/\/sabine-hartmann-sibbesse.de\/wp-content\/uploads\/2016\/11\/Titel-Blutspur-durch-Elze.jpg 800w\" sizes=\"auto, (max-width: 196px) 100vw, 196px\" \/><\/a><\/p>\n<p>Begleiten Sie elf Krimiautoren aus Elze und Umgebung, die mit ihren spannenden und gelegentlich auch humorvollen Kurzkrimis eine \u201eBlutspur durch Elze\u201c ziehen.<\/p>\n","protected":false},"excerpt":{"rendered":"<p>Wenn sich die Saale blutrot f\u00e4rbt, k\u00f6nnte das am Sonnenuntergang \u00fcber der Stadt Elze liegen&#8230; oder an dem Toten, den jemand dort verschwinden lassen wollte. Auch das Schwimmbad, die M\u00e4usemutter und der Papendahl werden zu Schaupl\u00e4tzen, so dass Sie die Stadt an der Leine und die umliegenden Orte aus einer ganz neuen Perspektive kennenlernen k\u00f6nnen. [&hellip;]<\/p>\n","protected":false},"author":1,"featured_media":0,"parent":176,"menu_order":6,"comment_status":"closed","ping_status":"closed","template":"","meta":{"footnotes":""},"class_list":["post-384","page","type-page","status-publish","hentry"],"_links":{"self":[{"href":"https:\/\/sabine-hartmann-sibbesse.de\/index.php?rest_route=\/wp\/v2\/pages\/384","targetHints":{"allow":["GET"]}}],"collection":[{"href":"https:\/\/sabine-hartmann-sibbesse.de\/index.php?rest_route=\/wp\/v2\/pages"}],"about":[{"href":"https:\/\/sabine-hartmann-sibbesse.de\/index.php?rest_route=\/wp\/v2\/types\/page"}],"author":[{"embeddable":true,"href":"https:\/\/sabine-hartmann-sibbesse.de\/index.php?rest_route=\/wp\/v2\/users\/1"}],"replies":[{"embeddable":true,"href":"https:\/\/sabine-hartmann-sibbesse.de\/index.php?rest_route=%2Fwp%2Fv2%2Fcomments&post=384"}],"version-history":[{"count":1,"href":"https:\/\/sabine-hartmann-sibbesse.de\/index.php?rest_route=\/wp\/v2\/pages\/384\/revisions"}],"predecessor-version":[{"id":386,"href":"https:\/\/sabine-hartmann-sibbesse.de\/index.php?rest_route=\/wp\/v2\/pages\/384\/revisions\/386"}],"up":[{"embeddable":true,"href":"https:\/\/sabine-hartmann-sibbesse.de\/index.php?rest_route=\/wp\/v2\/pages\/176"}],"wp:attachment":[{"href":"https:\/\/sabine-hartmann-sibbesse.de\/index.php?rest_route=%2Fwp%2Fv2%2Fmedia&parent=384"}],"curies":[{"name":"wp","href":"https:\/\/api.w.org\/{rel}","templated":true}]}}