{"id":265,"date":"2016-04-01T13:19:02","date_gmt":"2016-04-01T13:19:02","guid":{"rendered":"http:\/\/sabine-hartmann-sibbesse.de\/?page_id=265"},"modified":"2016-07-29T19:05:10","modified_gmt":"2016-07-29T19:05:10","slug":"drachenfluege","status":"publish","type":"page","link":"https:\/\/sabine-hartmann-sibbesse.de\/?page_id=265","title":{"rendered":"Drachenfl\u00fcge"},"content":{"rendered":"<p><em>Kalindus sah dem Ritter in die Augen und wusste, sein Leben war verwirkt. \u201eIch habe dich besiegt\u201c, \u00e4chzte der Mann und setzte das scharfe Schwert \u00fcber das Hauptherz des Drachen. Durch den Kampf hatte er dort seine Panzerung verloren. \u201eT\u00f6te mich nicht! Ich werde nie wieder deine St\u00e4dte heimsuchen oder Felder verw\u00fcsten. Bitte!\u201c Doch der Blick des Ritters blieb hart. Schon tropfte etwas gr\u00fcnes Blut durch Kalindus Haut, da trampelte sein Weibchen Aramada in die H\u00f6hle, fra\u00df den Ritter mit einem Haps auf und beschwerte sich: \u201eKann man dich nicht einen Moment alleine lassen, ohne dass du Unfug machst? Na ja, wenigstens hast du dich ums Abendessen gek\u00fcmmert!\u201c<\/em><\/p>\n<p>Drachen. Es gibt es sie wirklich, eine faszinierende Welt. 21 Kurzgeschichten laden zu faszinierenden Expeditionen ein. Spannende Lesemomente f\u00fcr Drachenfreunde und alle, die sich verzaubern lassen wollen.<\/p>\n<div id=\"attachment_266\" style=\"width: 235px\" class=\"wp-caption alignright\"><a href=\"http:\/\/sabine-hartmann-sibbesse.de\/wp-content\/uploads\/2016\/04\/Titel-Drachenbuch.jpg\"><img loading=\"lazy\" decoding=\"async\" aria-describedby=\"caption-attachment-266\" class=\"size-medium wp-image-266\" src=\"http:\/\/sabine-hartmann-sibbesse.de\/wp-content\/uploads\/2016\/04\/Titel-Drachenbuch-225x300.jpg\" alt=\"Titelbild des Buches &quot;Drachenfl\u00fcge&quot;\" width=\"225\" height=\"300\" srcset=\"https:\/\/sabine-hartmann-sibbesse.de\/wp-content\/uploads\/2016\/04\/Titel-Drachenbuch-225x300.jpg 225w, https:\/\/sabine-hartmann-sibbesse.de\/wp-content\/uploads\/2016\/04\/Titel-Drachenbuch-768x1024.jpg 768w, https:\/\/sabine-hartmann-sibbesse.de\/wp-content\/uploads\/2016\/04\/Titel-Drachenbuch-624x832.jpg 624w\" sizes=\"auto, (max-width: 225px) 100vw, 225px\" \/><\/a><p id=\"caption-attachment-266\" class=\"wp-caption-text\">Titelbild des Buches<br \/>&#8222;Drachenfl\u00fcge&#8220;<\/p><\/div>\n<p><span style=\"border-radius: 2px; text-indent: 20px; width: auto; padding: 0px 4px 0px 0px; text-align: center; font: bold 11px\/20px 'Helvetica Neue',Helvetica,sans-serif; color: #ffffff; background: #bd081c  no-repeat scroll 3px 50% \/ 14px 14px; position: absolute; opacity: 1; z-index: 8675309; display: none; cursor: pointer;\">Merken<\/span><\/p>\n","protected":false},"excerpt":{"rendered":"<p>Kalindus sah dem Ritter in die Augen und wusste, sein Leben war verwirkt. \u201eIch habe dich besiegt\u201c, \u00e4chzte der Mann und setzte das scharfe Schwert \u00fcber das Hauptherz des Drachen. Durch den Kampf hatte er dort seine Panzerung verloren. \u201eT\u00f6te mich nicht! Ich werde nie wieder deine St\u00e4dte heimsuchen oder Felder verw\u00fcsten. Bitte!\u201c Doch der [&hellip;]<\/p>\n","protected":false},"author":1,"featured_media":0,"parent":49,"menu_order":2,"comment_status":"closed","ping_status":"closed","template":"","meta":{"footnotes":""},"class_list":["post-265","page","type-page","status-publish","hentry"],"_links":{"self":[{"href":"https:\/\/sabine-hartmann-sibbesse.de\/index.php?rest_route=\/wp\/v2\/pages\/265","targetHints":{"allow":["GET"]}}],"collection":[{"href":"https:\/\/sabine-hartmann-sibbesse.de\/index.php?rest_route=\/wp\/v2\/pages"}],"about":[{"href":"https:\/\/sabine-hartmann-sibbesse.de\/index.php?rest_route=\/wp\/v2\/types\/page"}],"author":[{"embeddable":true,"href":"https:\/\/sabine-hartmann-sibbesse.de\/index.php?rest_route=\/wp\/v2\/users\/1"}],"replies":[{"embeddable":true,"href":"https:\/\/sabine-hartmann-sibbesse.de\/index.php?rest_route=%2Fwp%2Fv2%2Fcomments&post=265"}],"version-history":[{"count":4,"href":"https:\/\/sabine-hartmann-sibbesse.de\/index.php?rest_route=\/wp\/v2\/pages\/265\/revisions"}],"predecessor-version":[{"id":348,"href":"https:\/\/sabine-hartmann-sibbesse.de\/index.php?rest_route=\/wp\/v2\/pages\/265\/revisions\/348"}],"up":[{"embeddable":true,"href":"https:\/\/sabine-hartmann-sibbesse.de\/index.php?rest_route=\/wp\/v2\/pages\/49"}],"wp:attachment":[{"href":"https:\/\/sabine-hartmann-sibbesse.de\/index.php?rest_route=%2Fwp%2Fv2%2Fmedia&parent=265"}],"curies":[{"name":"wp","href":"https:\/\/api.w.org\/{rel}","templated":true}]}}