{"id":186,"date":"2014-11-30T16:28:13","date_gmt":"2014-11-30T16:28:13","guid":{"rendered":"http:\/\/sabine-hartmann-sibbesse.de\/?page_id=186"},"modified":"2014-11-30T16:28:13","modified_gmt":"2014-11-30T16:28:13","slug":"gesalzene-morde-bad-salzdetfurth-kriminell","status":"publish","type":"page","link":"https:\/\/sabine-hartmann-sibbesse.de\/?page_id=186","title":{"rendered":"GeSalzene Morde &#8211; Bad Salzdetfurth kriminell"},"content":{"rendered":"<p><strong>Sabine Hartmann (Hrsg.) &#8211; Bad Salzdetfurth kriminell<br \/>\n280 Seiten, Paperback, 9,90 Euro<a href=\"http:\/\/sabine-hartmann-sibbesse.de\/wp-content\/uploads\/2014\/11\/VS-Cover-Bad-S.jpg\"><img loading=\"lazy\" decoding=\"async\" class=\"alignright wp-image-187 size-medium\" src=\"http:\/\/sabine-hartmann-sibbesse.de\/wp-content\/uploads\/2014\/11\/VS-Cover-Bad-S-196x300.jpg\" alt=\"VS Cover Bad S\" width=\"196\" height=\"300\" srcset=\"https:\/\/sabine-hartmann-sibbesse.de\/wp-content\/uploads\/2014\/11\/VS-Cover-Bad-S-196x300.jpg 196w, https:\/\/sabine-hartmann-sibbesse.de\/wp-content\/uploads\/2014\/11\/VS-Cover-Bad-S.jpg 369w\" sizes=\"auto, (max-width: 196px) 100vw, 196px\" \/><\/a><br \/>\n<\/strong><\/p>\n<p>Das Tal der Innerste und der Lamme, sanfte H\u00fcgel, gr\u00fcne Wiesen und \u00fcppige Laub- und Nadelw\u00e4lder pr\u00e4gen die Landschaft rund Bad Salzdetfurth. Doch egal ob in Wesseln, Gro\u00df D\u00fcngen, Bodenburg oder Detfurth, ob in Wehrstedt, Breinum, Heinde oder Hockeln, ob in Lechstedt, Listringen, \u00d6strum oder Klein D\u00fcngen, Diebe, M\u00f6rder und Betr\u00fcger suchen alle Ortsteile heim. So hat Justus Kramer, Kriminalhauptkommissar in der Lammestadt, alle H\u00e4nde voll zu tun. Kaum hat er herausgefunden, wer den Toten vor der offiziellen Beerdigung in das Grab gelegt hat, wird eine Leiche am Bullenstall gefunden. W\u00e4hrend er noch versucht herauszufinden, wer den Banker auf dem Gewissen hat, stolpert seine Frau Annabell bei einem Spaziergang \u00fcber einen Toten. Gemeinsam sorgen sie daf\u00fcr, dass die G\u00e4ste des Kurortes sich gem\u00fctlich, ruhig und sicher erholen und die idyllischen Fachwerkh\u00e4user und die historischen Gradierwerke im Kurpark genie\u00dfen k\u00f6nnen. Kramer zieht es dazu eher in seinen heimischen Garten oder zu seinen Chorbr\u00fcdern, auch auf die Gefahr hin, dass er selbst im Komposthaufen noch eine Leiche findet.<\/p>\n","protected":false},"excerpt":{"rendered":"<p>Sabine Hartmann (Hrsg.) &#8211; Bad Salzdetfurth kriminell 280 Seiten, Paperback, 9,90 Euro Das Tal der Innerste und der Lamme, sanfte H\u00fcgel, gr\u00fcne Wiesen und \u00fcppige Laub- und Nadelw\u00e4lder pr\u00e4gen die Landschaft rund Bad Salzdetfurth. Doch egal ob in Wesseln, Gro\u00df D\u00fcngen, Bodenburg oder Detfurth, ob in Wehrstedt, Breinum, Heinde oder Hockeln, ob in Lechstedt, Listringen, [&hellip;]<\/p>\n","protected":false},"author":1,"featured_media":0,"parent":176,"menu_order":0,"comment_status":"open","ping_status":"open","template":"","meta":{"footnotes":""},"class_list":["post-186","page","type-page","status-publish","hentry"],"_links":{"self":[{"href":"https:\/\/sabine-hartmann-sibbesse.de\/index.php?rest_route=\/wp\/v2\/pages\/186","targetHints":{"allow":["GET"]}}],"collection":[{"href":"https:\/\/sabine-hartmann-sibbesse.de\/index.php?rest_route=\/wp\/v2\/pages"}],"about":[{"href":"https:\/\/sabine-hartmann-sibbesse.de\/index.php?rest_route=\/wp\/v2\/types\/page"}],"author":[{"embeddable":true,"href":"https:\/\/sabine-hartmann-sibbesse.de\/index.php?rest_route=\/wp\/v2\/users\/1"}],"replies":[{"embeddable":true,"href":"https:\/\/sabine-hartmann-sibbesse.de\/index.php?rest_route=%2Fwp%2Fv2%2Fcomments&post=186"}],"version-history":[{"count":1,"href":"https:\/\/sabine-hartmann-sibbesse.de\/index.php?rest_route=\/wp\/v2\/pages\/186\/revisions"}],"predecessor-version":[{"id":188,"href":"https:\/\/sabine-hartmann-sibbesse.de\/index.php?rest_route=\/wp\/v2\/pages\/186\/revisions\/188"}],"up":[{"embeddable":true,"href":"https:\/\/sabine-hartmann-sibbesse.de\/index.php?rest_route=\/wp\/v2\/pages\/176"}],"wp:attachment":[{"href":"https:\/\/sabine-hartmann-sibbesse.de\/index.php?rest_route=%2Fwp%2Fv2%2Fmedia&parent=186"}],"curies":[{"name":"wp","href":"https:\/\/api.w.org\/{rel}","templated":true}]}}