{"id":18,"date":"2014-11-23T15:44:23","date_gmt":"2014-11-23T15:44:23","guid":{"rendered":"http:\/\/sabine-hartmann-sibbesse.de\/?page_id=18"},"modified":"2014-11-23T17:03:02","modified_gmt":"2014-11-23T17:03:02","slug":"abgbrannt","status":"publish","type":"page","link":"https:\/\/sabine-hartmann-sibbesse.de\/?page_id=18","title":{"rendered":"Abgebrannt"},"content":{"rendered":"<p><a href=\"http:\/\/sabine-hartmann-sibbesse.de\/wp-content\/uploads\/2014\/11\/Abgebrannt_Final_1-Titelbild-250.jpg\"><img loading=\"lazy\" decoding=\"async\" class=\"alignright wp-image-75 size-medium\" src=\"http:\/\/sabine-hartmann-sibbesse.de\/wp-content\/uploads\/2014\/11\/Abgebrannt_Final_1-Titelbild-250-199x300.jpg\" alt=\"Abgebrannt_Final_1 Titelbild 250\" width=\"199\" height=\"300\" srcset=\"https:\/\/sabine-hartmann-sibbesse.de\/wp-content\/uploads\/2014\/11\/Abgebrannt_Final_1-Titelbild-250-199x300.jpg 199w, https:\/\/sabine-hartmann-sibbesse.de\/wp-content\/uploads\/2014\/11\/Abgebrannt_Final_1-Titelbild-250.jpg 250w\" sizes=\"auto, (max-width: 199px) 100vw, 199px\" \/><\/a>Advent in Hildesheim, doch der Feuerteufel geht um und versetzt die Stadt in Angst und Schrecken. Zahlreiche leer stehende H\u00e4user fallen seinem Flammeninferno zum Opfer. Als dabei auch ein Obdachloser stirbt, spitzt sich die Situation zu. Sollte der Mann aus dem Weg ger\u00e4umt werden, weil er den Brandstifter \u00fcberraschte? Aber warum hat er mit letzter Kraft versucht, die beiden K\u00e4tzchen zu retten? Kofi und Moll suchen in ganz Hildesheim und Umgebung nach Hinweisen. Eine brandhei\u00dfe Spur f\u00fchrt sie direkt zum Weihnachtsmarkt.<\/p>\n<p>C.W. Niemeyer Verlag, ISBN 978-3-8271-9465-7, Sep. 2014, 320 Seiten, 9,95 \u20ac<\/p>\n","protected":false},"excerpt":{"rendered":"<p>Advent in Hildesheim, doch der Feuerteufel geht um und versetzt die Stadt in Angst und Schrecken. Zahlreiche leer stehende H\u00e4user fallen seinem Flammeninferno zum Opfer. Als dabei auch ein Obdachloser stirbt, spitzt sich die Situation zu. Sollte der Mann aus dem Weg ger\u00e4umt werden, weil er den Brandstifter \u00fcberraschte? Aber warum hat er mit letzter [&hellip;]<\/p>\n","protected":false},"author":1,"featured_media":0,"parent":16,"menu_order":0,"comment_status":"open","ping_status":"open","template":"","meta":{"footnotes":""},"class_list":["post-18","page","type-page","status-publish","hentry"],"_links":{"self":[{"href":"https:\/\/sabine-hartmann-sibbesse.de\/index.php?rest_route=\/wp\/v2\/pages\/18","targetHints":{"allow":["GET"]}}],"collection":[{"href":"https:\/\/sabine-hartmann-sibbesse.de\/index.php?rest_route=\/wp\/v2\/pages"}],"about":[{"href":"https:\/\/sabine-hartmann-sibbesse.de\/index.php?rest_route=\/wp\/v2\/types\/page"}],"author":[{"embeddable":true,"href":"https:\/\/sabine-hartmann-sibbesse.de\/index.php?rest_route=\/wp\/v2\/users\/1"}],"replies":[{"embeddable":true,"href":"https:\/\/sabine-hartmann-sibbesse.de\/index.php?rest_route=%2Fwp%2Fv2%2Fcomments&post=18"}],"version-history":[{"count":6,"href":"https:\/\/sabine-hartmann-sibbesse.de\/index.php?rest_route=\/wp\/v2\/pages\/18\/revisions"}],"predecessor-version":[{"id":76,"href":"https:\/\/sabine-hartmann-sibbesse.de\/index.php?rest_route=\/wp\/v2\/pages\/18\/revisions\/76"}],"up":[{"embeddable":true,"href":"https:\/\/sabine-hartmann-sibbesse.de\/index.php?rest_route=\/wp\/v2\/pages\/16"}],"wp:attachment":[{"href":"https:\/\/sabine-hartmann-sibbesse.de\/index.php?rest_route=%2Fwp%2Fv2%2Fmedia&parent=18"}],"curies":[{"name":"wp","href":"https:\/\/api.w.org\/{rel}","templated":true}]}}