{"id":1338,"date":"2025-09-28T13:25:15","date_gmt":"2025-09-28T13:25:15","guid":{"rendered":"https:\/\/sabine-hartmann-sibbesse.de\/?page_id=1338"},"modified":"2025-09-28T13:25:15","modified_gmt":"2025-09-28T13:25:15","slug":"breath-of-the-hill","status":"publish","type":"page","link":"https:\/\/sabine-hartmann-sibbesse.de\/?page_id=1338","title":{"rendered":"Breath of the Hill"},"content":{"rendered":"\n<p><strong>Kunst im Einklang mit der Natur \u2013 das ist die Idee des Landart-Projekts im Hildesheimer Land. Doch auf einer der Wiesen wird die Idylle zum Schauplatz eines Verbrechens.<\/strong><\/p>\n\n\n\n<p>Die Ermittlungen f\u00fchren Hauptkommissar Kofi Kayi und seinen Kollegen Matthias Moll in ein Netz aus Neid, Rivalit\u00e4t und alten Geheimnissen. Jeder scheint etwas zu verbergen \u2013 die K\u00fcnstler, die Dorfbewohner, sogar die Landschaft selbst. Und w\u00e4hrend die Polizei Spur um Spur verfolgt, w\u00e4chst der Verdacht: Nicht jedes Kunstwerk erz\u00e4hlt nur von Sch\u00f6nheit.<\/p>\n\n\n\n<figure class=\"wp-block-image size-large is-resized\"><a href=\"http:\/\/sabine-hartmann-sibbesse.de\/wp-content\/uploads\/2025\/09\/Titel-Breath-of-the-Hill-klein.jpg\"><img loading=\"lazy\" decoding=\"async\" src=\"http:\/\/sabine-hartmann-sibbesse.de\/wp-content\/uploads\/2025\/09\/Titel-Breath-of-the-Hill-klein-663x1024.jpg\" alt=\"\" class=\"wp-image-1332\" style=\"width:234px;height:361px\" width=\"234\" height=\"361\" srcset=\"https:\/\/sabine-hartmann-sibbesse.de\/wp-content\/uploads\/2025\/09\/Titel-Breath-of-the-Hill-klein-663x1024.jpg 663w, https:\/\/sabine-hartmann-sibbesse.de\/wp-content\/uploads\/2025\/09\/Titel-Breath-of-the-Hill-klein-194x300.jpg 194w, https:\/\/sabine-hartmann-sibbesse.de\/wp-content\/uploads\/2025\/09\/Titel-Breath-of-the-Hill-klein-768x1187.jpg 768w, https:\/\/sabine-hartmann-sibbesse.de\/wp-content\/uploads\/2025\/09\/Titel-Breath-of-the-Hill-klein-624x964.jpg 624w, https:\/\/sabine-hartmann-sibbesse.de\/wp-content\/uploads\/2025\/09\/Titel-Breath-of-the-Hill-klein.jpg 800w\" sizes=\"auto, (max-width: 234px) 100vw, 234px\" \/><\/a><\/figure>\n","protected":false},"excerpt":{"rendered":"<p>Kunst im Einklang mit der Natur \u2013 das ist die Idee des Landart-Projekts im Hildesheimer Land. Doch auf einer der Wiesen wird die Idylle zum Schauplatz eines Verbrechens. Die Ermittlungen f\u00fchren Hauptkommissar Kofi Kayi und seinen Kollegen Matthias Moll in ein Netz aus Neid, Rivalit\u00e4t und alten Geheimnissen. Jeder scheint etwas zu verbergen \u2013 die [&hellip;]<\/p>\n","protected":false},"author":1,"featured_media":0,"parent":16,"menu_order":10,"comment_status":"closed","ping_status":"closed","template":"","meta":{"footnotes":""},"class_list":["post-1338","page","type-page","status-publish","hentry"],"_links":{"self":[{"href":"https:\/\/sabine-hartmann-sibbesse.de\/index.php?rest_route=\/wp\/v2\/pages\/1338","targetHints":{"allow":["GET"]}}],"collection":[{"href":"https:\/\/sabine-hartmann-sibbesse.de\/index.php?rest_route=\/wp\/v2\/pages"}],"about":[{"href":"https:\/\/sabine-hartmann-sibbesse.de\/index.php?rest_route=\/wp\/v2\/types\/page"}],"author":[{"embeddable":true,"href":"https:\/\/sabine-hartmann-sibbesse.de\/index.php?rest_route=\/wp\/v2\/users\/1"}],"replies":[{"embeddable":true,"href":"https:\/\/sabine-hartmann-sibbesse.de\/index.php?rest_route=%2Fwp%2Fv2%2Fcomments&post=1338"}],"version-history":[{"count":1,"href":"https:\/\/sabine-hartmann-sibbesse.de\/index.php?rest_route=\/wp\/v2\/pages\/1338\/revisions"}],"predecessor-version":[{"id":1339,"href":"https:\/\/sabine-hartmann-sibbesse.de\/index.php?rest_route=\/wp\/v2\/pages\/1338\/revisions\/1339"}],"up":[{"embeddable":true,"href":"https:\/\/sabine-hartmann-sibbesse.de\/index.php?rest_route=\/wp\/v2\/pages\/16"}],"wp:attachment":[{"href":"https:\/\/sabine-hartmann-sibbesse.de\/index.php?rest_route=%2Fwp%2Fv2%2Fmedia&parent=1338"}],"curies":[{"name":"wp","href":"https:\/\/api.w.org\/{rel}","templated":true}]}}