{"id":1313,"date":"2025-04-22T15:59:09","date_gmt":"2025-04-22T15:59:09","guid":{"rendered":"https:\/\/sabine-hartmann-sibbesse.de\/?page_id=1313"},"modified":"2025-04-22T15:59:09","modified_gmt":"2025-04-22T15:59:09","slug":"das-schweigen-im-gueldenen-winkel","status":"publish","type":"page","link":"https:\/\/sabine-hartmann-sibbesse.de\/?page_id=1313","title":{"rendered":"Das Schweigen im G\u00fcldenen Winkel"},"content":{"rendered":"\n<figure class=\"wp-block-image size-full\"><a href=\"http:\/\/sabine-hartmann-sibbesse.de\/wp-content\/uploads\/2025\/04\/Titel-Sorsum.jpg\"><img loading=\"lazy\" decoding=\"async\" width=\"640\" height=\"1017\" src=\"http:\/\/sabine-hartmann-sibbesse.de\/wp-content\/uploads\/2025\/04\/Titel-Sorsum.jpg\" alt=\"\" class=\"wp-image-1310\" srcset=\"https:\/\/sabine-hartmann-sibbesse.de\/wp-content\/uploads\/2025\/04\/Titel-Sorsum.jpg 640w, https:\/\/sabine-hartmann-sibbesse.de\/wp-content\/uploads\/2025\/04\/Titel-Sorsum-189x300.jpg 189w, https:\/\/sabine-hartmann-sibbesse.de\/wp-content\/uploads\/2025\/04\/Titel-Sorsum-624x992.jpg 624w\" sizes=\"auto, (max-width: 640px) 100vw, 640px\" \/><\/a><\/figure>\n\n\n\n<p>Ein kleines Dorf, ein fast vergessenes Verbrechen, eine t\u00f6dliche Spurensuche.<\/p>\n\n\n\n<p>Als Sorsum 900-j\u00e4hriges Dorfjubil\u00e4um feiert, kehren lang verdr\u00e4ngte Erinnerungen zur\u00fcck \u2013 zum Beispiel an den Sechsj\u00e4hrigen, der 1978 spurlos verschwand. Die Ermittler sto\u00dfen auf Ungereimtheiten im alten Vermisstenfall, doch ihre Nachforschungen setzen eine Kette unheilvoller Ereignisse in Gang.<\/p>\n\n\n\n<p>Marie und ihr Freund Lukas dringen in ein Geflecht aus Schuld, Schweigen und Rache ein. Je n\u00e4her sie der Wahrheit kommen, desto t\u00f6dlicher wird die Gefahr.<\/p>\n\n\n\n<p>Was geschah damals wirklich mit dem Jungen? Und wer ist bereit zu morden, um das Geheimnis zu bewahren?<\/p>\n\n\n\n<p>Ein packender Kriminalroman \u00fcber die Schatten der Vergangenheit und die Frage, wie hoch der Preis der Wahrheit sein kann.<\/p>\n\n\n\n<p><\/p>\n\n\n\n<p>ISBN 978-3-96783-024-8, 336 Seiten 13,00 \u20ac<\/p>\n","protected":false},"excerpt":{"rendered":"<p>Ein kleines Dorf, ein fast vergessenes Verbrechen, eine t\u00f6dliche Spurensuche. Als Sorsum 900-j\u00e4hriges Dorfjubil\u00e4um feiert, kehren lang verdr\u00e4ngte Erinnerungen zur\u00fcck \u2013 zum Beispiel an den Sechsj\u00e4hrigen, der 1978 spurlos verschwand. Die Ermittler sto\u00dfen auf Ungereimtheiten im alten Vermisstenfall, doch ihre Nachforschungen setzen eine Kette unheilvoller Ereignisse in Gang. Marie und ihr Freund Lukas dringen in [&hellip;]<\/p>\n","protected":false},"author":1,"featured_media":0,"parent":16,"menu_order":9,"comment_status":"closed","ping_status":"closed","template":"","meta":{"footnotes":""},"class_list":["post-1313","page","type-page","status-publish","hentry"],"_links":{"self":[{"href":"https:\/\/sabine-hartmann-sibbesse.de\/index.php?rest_route=\/wp\/v2\/pages\/1313","targetHints":{"allow":["GET"]}}],"collection":[{"href":"https:\/\/sabine-hartmann-sibbesse.de\/index.php?rest_route=\/wp\/v2\/pages"}],"about":[{"href":"https:\/\/sabine-hartmann-sibbesse.de\/index.php?rest_route=\/wp\/v2\/types\/page"}],"author":[{"embeddable":true,"href":"https:\/\/sabine-hartmann-sibbesse.de\/index.php?rest_route=\/wp\/v2\/users\/1"}],"replies":[{"embeddable":true,"href":"https:\/\/sabine-hartmann-sibbesse.de\/index.php?rest_route=%2Fwp%2Fv2%2Fcomments&post=1313"}],"version-history":[{"count":1,"href":"https:\/\/sabine-hartmann-sibbesse.de\/index.php?rest_route=\/wp\/v2\/pages\/1313\/revisions"}],"predecessor-version":[{"id":1314,"href":"https:\/\/sabine-hartmann-sibbesse.de\/index.php?rest_route=\/wp\/v2\/pages\/1313\/revisions\/1314"}],"up":[{"embeddable":true,"href":"https:\/\/sabine-hartmann-sibbesse.de\/index.php?rest_route=\/wp\/v2\/pages\/16"}],"wp:attachment":[{"href":"https:\/\/sabine-hartmann-sibbesse.de\/index.php?rest_route=%2Fwp%2Fv2%2Fmedia&parent=1313"}],"curies":[{"name":"wp","href":"https:\/\/api.w.org\/{rel}","templated":true}]}}