{"id":1292,"date":"2025-01-12T10:55:18","date_gmt":"2025-01-12T10:55:18","guid":{"rendered":"https:\/\/sabine-hartmann-sibbesse.de\/?page_id=1292"},"modified":"2025-01-12T10:55:18","modified_gmt":"2025-01-12T10:55:18","slug":"das-goldene-horn-und-die-waechter-des-waldes","status":"publish","type":"page","link":"https:\/\/sabine-hartmann-sibbesse.de\/?page_id=1292","title":{"rendered":"Das goldene Horn und die W\u00e4chter des Waldes"},"content":{"rendered":"\n<figure class=\"wp-block-image size-full\"><a href=\"http:\/\/sabine-hartmann-sibbesse.de\/wp-content\/uploads\/2025\/01\/Titel-Das-goldene-Horn-und-die-Waechter-des-Waldes.png\"><img loading=\"lazy\" decoding=\"async\" width=\"356\" height=\"562\" src=\"http:\/\/sabine-hartmann-sibbesse.de\/wp-content\/uploads\/2025\/01\/Titel-Das-goldene-Horn-und-die-Waechter-des-Waldes.png\" alt=\"\" class=\"wp-image-1289\" srcset=\"https:\/\/sabine-hartmann-sibbesse.de\/wp-content\/uploads\/2025\/01\/Titel-Das-goldene-Horn-und-die-Waechter-des-Waldes.png 356w, https:\/\/sabine-hartmann-sibbesse.de\/wp-content\/uploads\/2025\/01\/Titel-Das-goldene-Horn-und-die-Waechter-des-Waldes-190x300.png 190w\" sizes=\"auto, (max-width: 356px) 100vw, 356px\" \/><\/a><\/figure>\n\n\n\n<p><strong>Als die zw\u00f6lfj\u00e4hrige Emma durch einen geheimen Baum in einen magischen Wald tritt, entdeckt sie das Geheimnis des goldenen Horns, mit dem sie das Schicksal der ganzen Welt in ihren H\u00e4nden h\u00e4lt. Mit ihrem Hamster Mr. Wilson und neuen Freunden k\u00e4mpft sie gegen dunkle M\u00e4chte und stellt sich kniffligen Aufgaben, um den Wald und seine W\u00e4chter zu retten. Doch jeder Fehler hat schwerwiegende Konsequenzen.<\/strong><\/p>\n\n\n\n<p><\/p>\n","protected":false},"excerpt":{"rendered":"<p>Als die zw\u00f6lfj\u00e4hrige Emma durch einen geheimen Baum in einen magischen Wald tritt, entdeckt sie das Geheimnis des goldenen Horns, mit dem sie das Schicksal der ganzen Welt in ihren H\u00e4nden h\u00e4lt. Mit ihrem Hamster Mr. Wilson und neuen Freunden k\u00e4mpft sie gegen dunkle M\u00e4chte und stellt sich kniffligen Aufgaben, um den Wald und seine [&hellip;]<\/p>\n","protected":false},"author":1,"featured_media":0,"parent":49,"menu_order":7,"comment_status":"closed","ping_status":"closed","template":"","meta":{"footnotes":""},"class_list":["post-1292","page","type-page","status-publish","hentry"],"_links":{"self":[{"href":"https:\/\/sabine-hartmann-sibbesse.de\/index.php?rest_route=\/wp\/v2\/pages\/1292","targetHints":{"allow":["GET"]}}],"collection":[{"href":"https:\/\/sabine-hartmann-sibbesse.de\/index.php?rest_route=\/wp\/v2\/pages"}],"about":[{"href":"https:\/\/sabine-hartmann-sibbesse.de\/index.php?rest_route=\/wp\/v2\/types\/page"}],"author":[{"embeddable":true,"href":"https:\/\/sabine-hartmann-sibbesse.de\/index.php?rest_route=\/wp\/v2\/users\/1"}],"replies":[{"embeddable":true,"href":"https:\/\/sabine-hartmann-sibbesse.de\/index.php?rest_route=%2Fwp%2Fv2%2Fcomments&post=1292"}],"version-history":[{"count":1,"href":"https:\/\/sabine-hartmann-sibbesse.de\/index.php?rest_route=\/wp\/v2\/pages\/1292\/revisions"}],"predecessor-version":[{"id":1293,"href":"https:\/\/sabine-hartmann-sibbesse.de\/index.php?rest_route=\/wp\/v2\/pages\/1292\/revisions\/1293"}],"up":[{"embeddable":true,"href":"https:\/\/sabine-hartmann-sibbesse.de\/index.php?rest_route=\/wp\/v2\/pages\/49"}],"wp:attachment":[{"href":"https:\/\/sabine-hartmann-sibbesse.de\/index.php?rest_route=%2Fwp%2Fv2%2Fmedia&parent=1292"}],"curies":[{"name":"wp","href":"https:\/\/api.w.org\/{rel}","templated":true}]}}