{"id":1271,"date":"2024-08-21T17:33:35","date_gmt":"2024-08-21T17:33:35","guid":{"rendered":"http:\/\/sabine-hartmann-sibbesse.de\/?page_id=1271"},"modified":"2024-08-21T17:33:35","modified_gmt":"2024-08-21T17:33:35","slug":"treffpunkt-parkbank","status":"publish","type":"page","link":"https:\/\/sabine-hartmann-sibbesse.de\/?page_id=1271","title":{"rendered":"Treffpunkt Parkbank"},"content":{"rendered":"\n<p>Ulrike Boblitz<\/p>\n\n\n\n<p>Sie sa\u00df auf einer Bank im Stadtpark und wartete, wippte mit dem Fu\u00df und sah genervt auf ihre Armbanduhr.<\/p>\n\n\n\n<p>Er versp\u00e4tete sich schon wieder, was sie absolut nicht leiden konnte.<\/p>\n\n\n\n<p>Jeden Donnerstag um 16.00 Uhr trafen sie sich auf dieser Bank, um Treuepunkte zu tauschen. Sie bekam die von Rewe, f\u00fcr ein Kofferset. Er, im Gegenzug, die von Netto f\u00fcr eine Fitnessuhr.<\/p>\n\n\n\n<p>Ilse war ver\u00e4rgert, die letzten Male gab Erwin ihr nur ein paar Punkte. Mit der Ausrede, er h\u00e4tte nicht so viel eingekauft oder die Kassiererin verga\u00df wohl, ihm Punkte zu geben.<\/p>\n\n\n\n<p>Dahinter steckte nur seine neue Nachbarin, glaubte Ilse.&nbsp; Sie beobachte neulich, rein zuf\u00e4llig, wie er auf dem Markt einen Blumenstrau\u00df kaufte und besagter Dame \u00fcberreichte.<\/p>\n\n\n\n<p>Ihre entz\u00fcckten Worte klangen noch lange in Ilses Ohr: \u201eDanke doch nicht daf\u00fcr, f\u00fcr ein paar Treuepunkte. Wenn du m\u00f6chtest, k\u00f6nnen wir am Wochenende das Kofferset gemeinsam abholen.\u201c<\/p>\n\n\n\n<p>Blumen bekam sie noch nie von Erwin, er von ihr schon \u00f6fter einen selbst gebacken Kuchen. Ganz zu schweigen von dem leckeren Tee, den sie ihm immer zu ihren Treffen mitbrachte.<\/p>\n\n\n\n<p>Heute allerdings, eine eigene, besondere Mischung. Getrocknete Orangenschalen und Heidelbeeren, verfeinert mit Zitronenmelisse und etwas Bittermandel. F\u00fcr sich selbst, wie \u00fcblich einen Thermosbecher mit Kaffee.<\/p>\n\n\n\n<p>Erneut gab er ihr nur ein paar Punkte mit der neuerdings \u00fcblichen Ausrede und war wie immer begeistert von ihrem Tee.<\/p>\n\n\n\n<p>Erwin trank ihn gen\u00fcsslich, fasste sich kurz darauf an seine Kehle und r\u00f6chelte.<\/p>\n","protected":false},"excerpt":{"rendered":"<p>Ulrike Boblitz Sie sa\u00df auf einer Bank im Stadtpark und wartete, wippte mit dem Fu\u00df und sah genervt auf ihre Armbanduhr. Er versp\u00e4tete sich schon wieder, was sie absolut nicht leiden konnte. Jeden Donnerstag um 16.00 Uhr trafen sie sich auf dieser Bank, um Treuepunkte zu tauschen. Sie bekam die von Rewe, f\u00fcr ein Kofferset. [&hellip;]<\/p>\n","protected":false},"author":1,"featured_media":0,"parent":1266,"menu_order":2,"comment_status":"closed","ping_status":"closed","template":"","meta":{"footnotes":""},"class_list":["post-1271","page","type-page","status-publish","hentry"],"_links":{"self":[{"href":"https:\/\/sabine-hartmann-sibbesse.de\/index.php?rest_route=\/wp\/v2\/pages\/1271","targetHints":{"allow":["GET"]}}],"collection":[{"href":"https:\/\/sabine-hartmann-sibbesse.de\/index.php?rest_route=\/wp\/v2\/pages"}],"about":[{"href":"https:\/\/sabine-hartmann-sibbesse.de\/index.php?rest_route=\/wp\/v2\/types\/page"}],"author":[{"embeddable":true,"href":"https:\/\/sabine-hartmann-sibbesse.de\/index.php?rest_route=\/wp\/v2\/users\/1"}],"replies":[{"embeddable":true,"href":"https:\/\/sabine-hartmann-sibbesse.de\/index.php?rest_route=%2Fwp%2Fv2%2Fcomments&post=1271"}],"version-history":[{"count":1,"href":"https:\/\/sabine-hartmann-sibbesse.de\/index.php?rest_route=\/wp\/v2\/pages\/1271\/revisions"}],"predecessor-version":[{"id":1272,"href":"https:\/\/sabine-hartmann-sibbesse.de\/index.php?rest_route=\/wp\/v2\/pages\/1271\/revisions\/1272"}],"up":[{"embeddable":true,"href":"https:\/\/sabine-hartmann-sibbesse.de\/index.php?rest_route=\/wp\/v2\/pages\/1266"}],"wp:attachment":[{"href":"https:\/\/sabine-hartmann-sibbesse.de\/index.php?rest_route=%2Fwp%2Fv2%2Fmedia&parent=1271"}],"curies":[{"name":"wp","href":"https:\/\/api.w.org\/{rel}","templated":true}]}}