{"id":1269,"date":"2024-08-21T17:28:29","date_gmt":"2024-08-21T17:28:29","guid":{"rendered":"http:\/\/sabine-hartmann-sibbesse.de\/?page_id=1269"},"modified":"2024-08-21T17:28:29","modified_gmt":"2024-08-21T17:28:29","slug":"bankensterben","status":"publish","type":"page","link":"https:\/\/sabine-hartmann-sibbesse.de\/?page_id=1269","title":{"rendered":"Bankensterben"},"content":{"rendered":"\n<p>Sabine Hartmann<\/p>\n\n\n\n<p>Nat\u00fcrlich gab es in Bullerb\u00fc auch B\u00e4nke und eine Bank.<\/p>\n\n\n\n<p>Die Bank wurde \u00fcberfallen, sogar mehrmals. \u00dcber die B\u00e4nke hat Astrid Lindgren nie geschrieben.<\/p>\n\n\n\n<p>Seltsam.<\/p>\n\n\n\n<p>Michel aus L\u00f6nneberga sa\u00df in seinem Schuppen auf einem Schemel und schnitzte. Sa\u00dfen Lina und Alfred davor auf einer Bank und genossen die Abendsonne?<\/p>\n\n\n\n<p>Frau Lindgren verr\u00e4t es uns nicht.<\/p>\n\n\n\n<p>Pippi Langstrumpf sa\u00df auf ihrem Pferd, Tom und Annika auf K\u00fcchenst\u00fchlen, ihr Vater sogar auf einem Thron.<\/p>\n\n\n\n<p>Auch hier weit und breit keine Bank.<\/p>\n\n\n\n<p>Wie kann das sein?<\/p>\n\n\n\n<p>Zufall, denken Sie?<\/p>\n\n\n\n<p>Weit gefehlt.<\/p>\n\n\n\n<p>Das hat System.<\/p>\n\n\n\n<p>Ronja R\u00e4ubertochter \u2013 viel Holz im Wald, aber keine einzige Bank.<\/p>\n\n\n\n<p>Kalle Blomquist braucht keine Bank, der ist unerm\u00fcdlich unterwegs, und der allerbeste Karlsson vom Dach, der schwebt eh st\u00e4ndig \u00fcber den Wolken.<\/p>\n\n\n\n<p>Lesen Sie es ruhig nach, egal ob Ferien auf Saltkrokan oder die Br\u00fcder L\u00f6wenherz. Es kommt keine einzige Bank vor.<\/p>\n\n\n\n<p>Schon lange r\u00e4tseln Germanisten, warum das so ist.<\/p>\n\n\n\n<p>Lidngren selbst hat nur hintergr\u00fcndig gel\u00e4chelt, wenn Reporter oder Deutschlehrer sie danach gefragt haben.<\/p>\n\n\n\n<p>Da stand f\u00fcr mich sofort fest, sie wei\u00df etwas, dass wir nicht wissen.<\/p>\n\n\n\n<p>Und nun ist es bewiesen.<\/p>\n\n\n\n<p>Ich habe das Manuskript gefunden.<\/p>\n\n\n\n<p>\u201eDer geheime Plan der B\u00e4nke\u201c hei\u00dft es.<\/p>\n\n\n\n<p>Morgen werde ich es abtippen und danach sofort ver\u00f6ffentlichen, damit endlich die ganze Welt wei\u00df, welch hinterh\u00e4ltige, boshafte Gesch\u00f6pfe sich als harmlose B\u00e4nke tarnen &#8230; oh, was soll das?<\/p>\n\n\n\n<p>Die Bank kommt auf mich zu, zieht mich auf sich &#8230; Diese Z\u00e4hne &#8230; aaah!<\/p>\n","protected":false},"excerpt":{"rendered":"<p>Sabine Hartmann Nat\u00fcrlich gab es in Bullerb\u00fc auch B\u00e4nke und eine Bank. Die Bank wurde \u00fcberfallen, sogar mehrmals. \u00dcber die B\u00e4nke hat Astrid Lindgren nie geschrieben. Seltsam. Michel aus L\u00f6nneberga sa\u00df in seinem Schuppen auf einem Schemel und schnitzte. Sa\u00dfen Lina und Alfred davor auf einer Bank und genossen die Abendsonne? Frau Lindgren verr\u00e4t es [&hellip;]<\/p>\n","protected":false},"author":1,"featured_media":0,"parent":1266,"menu_order":1,"comment_status":"closed","ping_status":"closed","template":"","meta":{"footnotes":""},"class_list":["post-1269","page","type-page","status-publish","hentry"],"_links":{"self":[{"href":"https:\/\/sabine-hartmann-sibbesse.de\/index.php?rest_route=\/wp\/v2\/pages\/1269","targetHints":{"allow":["GET"]}}],"collection":[{"href":"https:\/\/sabine-hartmann-sibbesse.de\/index.php?rest_route=\/wp\/v2\/pages"}],"about":[{"href":"https:\/\/sabine-hartmann-sibbesse.de\/index.php?rest_route=\/wp\/v2\/types\/page"}],"author":[{"embeddable":true,"href":"https:\/\/sabine-hartmann-sibbesse.de\/index.php?rest_route=\/wp\/v2\/users\/1"}],"replies":[{"embeddable":true,"href":"https:\/\/sabine-hartmann-sibbesse.de\/index.php?rest_route=%2Fwp%2Fv2%2Fcomments&post=1269"}],"version-history":[{"count":1,"href":"https:\/\/sabine-hartmann-sibbesse.de\/index.php?rest_route=\/wp\/v2\/pages\/1269\/revisions"}],"predecessor-version":[{"id":1270,"href":"https:\/\/sabine-hartmann-sibbesse.de\/index.php?rest_route=\/wp\/v2\/pages\/1269\/revisions\/1270"}],"up":[{"embeddable":true,"href":"https:\/\/sabine-hartmann-sibbesse.de\/index.php?rest_route=\/wp\/v2\/pages\/1266"}],"wp:attachment":[{"href":"https:\/\/sabine-hartmann-sibbesse.de\/index.php?rest_route=%2Fwp%2Fv2%2Fmedia&parent=1269"}],"curies":[{"name":"wp","href":"https:\/\/api.w.org\/{rel}","templated":true}]}}