{"id":1258,"date":"2024-01-14T11:53:20","date_gmt":"2024-01-14T11:53:20","guid":{"rendered":"http:\/\/sabine-hartmann-sibbesse.de\/?page_id=1258"},"modified":"2024-01-14T11:53:20","modified_gmt":"2024-01-14T11:53:20","slug":"mission-weihnachten","status":"publish","type":"page","link":"https:\/\/sabine-hartmann-sibbesse.de\/?page_id=1258","title":{"rendered":"Mission Weihnachten"},"content":{"rendered":"\n<p>Wenn Weihnachten vor der T\u00fcr steht, haben Sie die Wahl: Sie k\u00f6nnen so tun, als h\u00e4tten Sie es nicht bemerkt. Oder Sie st\u00fcrzen sich voll in den Weihnachtstrubel, oder Sie lehnen sich gem\u00fctlich zur\u00fcck und lassen sich einstimmen.<\/p>\n\n\n\n<p>Begleiten Sie Mia auf den Weihnachtsmarkt, finden Sie heraus, warum ein M\u00e4userich die 30 gef\u00e4hrlichsten Minuten erlebt. Erfahren Sie von den Traditionen, Problemen und Begegnungen rund um Weihnachten. Nach dem Lesen dieser 12 Geschichten sind Sie bereit f\u00fcr Stollen, Gl\u00fchwein und Geschenke.<\/p>\n\n\n\n<figure class=\"wp-block-image size-medium\"><a href=\"http:\/\/sabine-hartmann-sibbesse.de\/wp-content\/uploads\/2024\/01\/Titel-Maeuseweihnacht.png\"><img loading=\"lazy\" decoding=\"async\" width=\"207\" height=\"300\" src=\"http:\/\/sabine-hartmann-sibbesse.de\/wp-content\/uploads\/2024\/01\/Titel-Maeuseweihnacht-207x300.png\" alt=\"\" class=\"wp-image-1260\" srcset=\"https:\/\/sabine-hartmann-sibbesse.de\/wp-content\/uploads\/2024\/01\/Titel-Maeuseweihnacht-207x300.png 207w, https:\/\/sabine-hartmann-sibbesse.de\/wp-content\/uploads\/2024\/01\/Titel-Maeuseweihnacht.png 409w\" sizes=\"auto, (max-width: 207px) 100vw, 207px\" \/><\/a><\/figure>\n\n\n\n<p>ISBN 978-3-96783-021-7, 8,90 \u20ac, mit Illustratioen von Laurena Hust<\/p>\n\n\n\n<figure class=\"wp-block-image size-medium\"><a href=\"http:\/\/sabine-hartmann-sibbesse.de\/wp-content\/uploads\/2024\/01\/flower.png\"><img loading=\"lazy\" decoding=\"async\" width=\"254\" height=\"300\" src=\"http:\/\/sabine-hartmann-sibbesse.de\/wp-content\/uploads\/2024\/01\/flower-254x300.png\" alt=\"\" class=\"wp-image-1261\" srcset=\"https:\/\/sabine-hartmann-sibbesse.de\/wp-content\/uploads\/2024\/01\/flower-254x300.png 254w, https:\/\/sabine-hartmann-sibbesse.de\/wp-content\/uploads\/2024\/01\/flower-868x1024.png 868w, https:\/\/sabine-hartmann-sibbesse.de\/wp-content\/uploads\/2024\/01\/flower-768x906.png 768w, https:\/\/sabine-hartmann-sibbesse.de\/wp-content\/uploads\/2024\/01\/flower-1302x1536.png 1302w, https:\/\/sabine-hartmann-sibbesse.de\/wp-content\/uploads\/2024\/01\/flower-624x736.png 624w, https:\/\/sabine-hartmann-sibbesse.de\/wp-content\/uploads\/2024\/01\/flower.png 1684w\" sizes=\"auto, (max-width: 254px) 100vw, 254px\" \/><\/a><\/figure>\n","protected":false},"excerpt":{"rendered":"<p>Wenn Weihnachten vor der T\u00fcr steht, haben Sie die Wahl: Sie k\u00f6nnen so tun, als h\u00e4tten Sie es nicht bemerkt. Oder Sie st\u00fcrzen sich voll in den Weihnachtstrubel, oder Sie lehnen sich gem\u00fctlich zur\u00fcck und lassen sich einstimmen. Begleiten Sie Mia auf den Weihnachtsmarkt, finden Sie heraus, warum ein M\u00e4userich die 30 gef\u00e4hrlichsten Minuten erlebt. [&hellip;]<\/p>\n","protected":false},"author":1,"featured_media":0,"parent":1147,"menu_order":4,"comment_status":"closed","ping_status":"closed","template":"","meta":{"footnotes":""},"class_list":["post-1258","page","type-page","status-publish","hentry"],"_links":{"self":[{"href":"https:\/\/sabine-hartmann-sibbesse.de\/index.php?rest_route=\/wp\/v2\/pages\/1258","targetHints":{"allow":["GET"]}}],"collection":[{"href":"https:\/\/sabine-hartmann-sibbesse.de\/index.php?rest_route=\/wp\/v2\/pages"}],"about":[{"href":"https:\/\/sabine-hartmann-sibbesse.de\/index.php?rest_route=\/wp\/v2\/types\/page"}],"author":[{"embeddable":true,"href":"https:\/\/sabine-hartmann-sibbesse.de\/index.php?rest_route=\/wp\/v2\/users\/1"}],"replies":[{"embeddable":true,"href":"https:\/\/sabine-hartmann-sibbesse.de\/index.php?rest_route=%2Fwp%2Fv2%2Fcomments&post=1258"}],"version-history":[{"count":1,"href":"https:\/\/sabine-hartmann-sibbesse.de\/index.php?rest_route=\/wp\/v2\/pages\/1258\/revisions"}],"predecessor-version":[{"id":1262,"href":"https:\/\/sabine-hartmann-sibbesse.de\/index.php?rest_route=\/wp\/v2\/pages\/1258\/revisions\/1262"}],"up":[{"embeddable":true,"href":"https:\/\/sabine-hartmann-sibbesse.de\/index.php?rest_route=\/wp\/v2\/pages\/1147"}],"wp:attachment":[{"href":"https:\/\/sabine-hartmann-sibbesse.de\/index.php?rest_route=%2Fwp%2Fv2%2Fmedia&parent=1258"}],"curies":[{"name":"wp","href":"https:\/\/api.w.org\/{rel}","templated":true}]}}