{"id":1249,"date":"2024-01-14T11:40:51","date_gmt":"2024-01-14T11:40:51","guid":{"rendered":"http:\/\/sabine-hartmann-sibbesse.de\/?page_id=1249"},"modified":"2024-01-14T11:40:51","modified_gmt":"2024-01-14T11:40:51","slug":"von-feueratem-bis-schuppenmassage","status":"publish","type":"page","link":"https:\/\/sabine-hartmann-sibbesse.de\/?page_id=1249","title":{"rendered":"Von Feueratem bis Schuppenmassage"},"content":{"rendered":"\n<p>Ein Leitfaden zur Drachenaufzucht<\/p>\n\n\n\n<figure class=\"wp-block-image size-medium is-resized\"><a href=\"http:\/\/sabine-hartmann-sibbesse.de\/wp-content\/uploads\/2024\/01\/Titel-Drachenpflege.png\"><img loading=\"lazy\" decoding=\"async\" src=\"http:\/\/sabine-hartmann-sibbesse.de\/wp-content\/uploads\/2024\/01\/Titel-Drachenpflege-199x300.png\" alt=\"\" class=\"wp-image-1247\" style=\"width:131px;height:197px\" width=\"131\" height=\"197\" srcset=\"https:\/\/sabine-hartmann-sibbesse.de\/wp-content\/uploads\/2024\/01\/Titel-Drachenpflege-199x300.png 199w, https:\/\/sabine-hartmann-sibbesse.de\/wp-content\/uploads\/2024\/01\/Titel-Drachenpflege.png 489w\" sizes=\"auto, (max-width: 131px) 100vw, 131px\" \/><\/a><\/figure>\n\n\n\n<p>Tauchen Sie ein in die farbenpr\u00e4chtige Vielfalt von Feuer speienden Drachen, schimmernden Smaragddrachen und schemenhaften Geisterdrachen, w\u00e4hrend Sie lernen, wie man diese majest\u00e4tischen Kreaturen pflegt, gro\u00dfzieht und mit ihnen in Harmonie lebt. Von den ersten zarten Schritten nach dem Schl\u00fcpfen bis zu den m\u00e4chtigen Fl\u00fcgelschl\u00e4gen eines erwachsenen Drachen \u2013 dieses Handbuch begleitet angehende Drachenbesitzer durch jede Phase der Aufzucht.<\/p>\n\n\n\n<p>Sind Sie bereit f\u00fcr das ultimative Abenteuer? Werden Sie zum Drachenz\u00fcchter und entfesseln Sie die Magie, die in den Schwingen und Schuppen dieser fantastischen Wesen liegt.<\/p>\n\n\n\n<p>ISBN 978-3-967830-20-0, 8,90 \u20ac<\/p>\n","protected":false},"excerpt":{"rendered":"<p>Ein Leitfaden zur Drachenaufzucht Tauchen Sie ein in die farbenpr\u00e4chtige Vielfalt von Feuer speienden Drachen, schimmernden Smaragddrachen und schemenhaften Geisterdrachen, w\u00e4hrend Sie lernen, wie man diese majest\u00e4tischen Kreaturen pflegt, gro\u00dfzieht und mit ihnen in Harmonie lebt. Von den ersten zarten Schritten nach dem Schl\u00fcpfen bis zu den m\u00e4chtigen Fl\u00fcgelschl\u00e4gen eines erwachsenen Drachen \u2013 dieses Handbuch [&hellip;]<\/p>\n","protected":false},"author":1,"featured_media":0,"parent":49,"menu_order":7,"comment_status":"closed","ping_status":"closed","template":"","meta":{"footnotes":""},"class_list":["post-1249","page","type-page","status-publish","hentry"],"_links":{"self":[{"href":"https:\/\/sabine-hartmann-sibbesse.de\/index.php?rest_route=\/wp\/v2\/pages\/1249","targetHints":{"allow":["GET"]}}],"collection":[{"href":"https:\/\/sabine-hartmann-sibbesse.de\/index.php?rest_route=\/wp\/v2\/pages"}],"about":[{"href":"https:\/\/sabine-hartmann-sibbesse.de\/index.php?rest_route=\/wp\/v2\/types\/page"}],"author":[{"embeddable":true,"href":"https:\/\/sabine-hartmann-sibbesse.de\/index.php?rest_route=\/wp\/v2\/users\/1"}],"replies":[{"embeddable":true,"href":"https:\/\/sabine-hartmann-sibbesse.de\/index.php?rest_route=%2Fwp%2Fv2%2Fcomments&post=1249"}],"version-history":[{"count":1,"href":"https:\/\/sabine-hartmann-sibbesse.de\/index.php?rest_route=\/wp\/v2\/pages\/1249\/revisions"}],"predecessor-version":[{"id":1250,"href":"https:\/\/sabine-hartmann-sibbesse.de\/index.php?rest_route=\/wp\/v2\/pages\/1249\/revisions\/1250"}],"up":[{"embeddable":true,"href":"https:\/\/sabine-hartmann-sibbesse.de\/index.php?rest_route=\/wp\/v2\/pages\/49"}],"wp:attachment":[{"href":"https:\/\/sabine-hartmann-sibbesse.de\/index.php?rest_route=%2Fwp%2Fv2%2Fmedia&parent=1249"}],"curies":[{"name":"wp","href":"https:\/\/api.w.org\/{rel}","templated":true}]}}