{"id":1234,"date":"2023-10-31T09:52:36","date_gmt":"2023-10-31T09:52:36","guid":{"rendered":"http:\/\/sabine-hartmann-sibbesse.de\/?page_id=1234"},"modified":"2023-10-31T09:52:36","modified_gmt":"2023-10-31T09:52:36","slug":"die-rose-des-gluecks","status":"publish","type":"page","link":"https:\/\/sabine-hartmann-sibbesse.de\/?page_id=1234","title":{"rendered":"Die Rose des Gl\u00fccks"},"content":{"rendered":"\n<figure class=\"wp-block-image size-large\"><a href=\"http:\/\/sabine-hartmann-sibbesse.de\/wp-content\/uploads\/2023\/10\/Titel-Promo-Buch-2021-02-28.jpg\"><img loading=\"lazy\" decoding=\"async\" width=\"724\" height=\"1024\" src=\"http:\/\/sabine-hartmann-sibbesse.de\/wp-content\/uploads\/2023\/10\/Titel-Promo-Buch-2021-02-28-724x1024.jpg\" alt=\"\" class=\"wp-image-1235\" srcset=\"https:\/\/sabine-hartmann-sibbesse.de\/wp-content\/uploads\/2023\/10\/Titel-Promo-Buch-2021-02-28-724x1024.jpg 724w, https:\/\/sabine-hartmann-sibbesse.de\/wp-content\/uploads\/2023\/10\/Titel-Promo-Buch-2021-02-28-212x300.jpg 212w, https:\/\/sabine-hartmann-sibbesse.de\/wp-content\/uploads\/2023\/10\/Titel-Promo-Buch-2021-02-28-768x1086.jpg 768w, https:\/\/sabine-hartmann-sibbesse.de\/wp-content\/uploads\/2023\/10\/Titel-Promo-Buch-2021-02-28-1087x1536.jpg 1087w, https:\/\/sabine-hartmann-sibbesse.de\/wp-content\/uploads\/2023\/10\/Titel-Promo-Buch-2021-02-28-1449x2048.jpg 1449w, https:\/\/sabine-hartmann-sibbesse.de\/wp-content\/uploads\/2023\/10\/Titel-Promo-Buch-2021-02-28-624x882.jpg 624w, https:\/\/sabine-hartmann-sibbesse.de\/wp-content\/uploads\/2023\/10\/Titel-Promo-Buch-2021-02-28.jpg 1741w\" sizes=\"auto, (max-width: 724px) 100vw, 724px\" \/><\/a><\/figure>\n\n\n\n<p>Spannende Krimis, romantische Liebe, Weihnachtsgef\u00fchle, Gl\u00fccksmomente, fantastische Abenteuer, M\u00e4rchen mal anders und vieles mehr.<\/p>\n\n\n\n<p>Kurzgeschichten von sieben Autorinnen aus der Region Hildesheim<\/p>\n\n\n\n<p>Tauchen Sie ein in eine Welt, von der Sie noch nicht gelesen haben! Die sch\u00f6nsten, gef\u00fchlvollsten, dramatischsten Lieblingsst\u00fccke wurden f\u00fcr Sie zusammengestellt.<\/p>\n","protected":false},"excerpt":{"rendered":"<p>Spannende Krimis, romantische Liebe, Weihnachtsgef\u00fchle, Gl\u00fccksmomente, fantastische Abenteuer, M\u00e4rchen mal anders und vieles mehr. Kurzgeschichten von sieben Autorinnen aus der Region Hildesheim Tauchen Sie ein in eine Welt, von der Sie noch nicht gelesen haben! Die sch\u00f6nsten, gef\u00fchlvollsten, dramatischsten Lieblingsst\u00fccke wurden f\u00fcr Sie zusammengestellt.<\/p>\n","protected":false},"author":1,"featured_media":0,"parent":1147,"menu_order":3,"comment_status":"closed","ping_status":"closed","template":"","meta":{"footnotes":""},"class_list":["post-1234","page","type-page","status-publish","hentry"],"_links":{"self":[{"href":"https:\/\/sabine-hartmann-sibbesse.de\/index.php?rest_route=\/wp\/v2\/pages\/1234","targetHints":{"allow":["GET"]}}],"collection":[{"href":"https:\/\/sabine-hartmann-sibbesse.de\/index.php?rest_route=\/wp\/v2\/pages"}],"about":[{"href":"https:\/\/sabine-hartmann-sibbesse.de\/index.php?rest_route=\/wp\/v2\/types\/page"}],"author":[{"embeddable":true,"href":"https:\/\/sabine-hartmann-sibbesse.de\/index.php?rest_route=\/wp\/v2\/users\/1"}],"replies":[{"embeddable":true,"href":"https:\/\/sabine-hartmann-sibbesse.de\/index.php?rest_route=%2Fwp%2Fv2%2Fcomments&post=1234"}],"version-history":[{"count":1,"href":"https:\/\/sabine-hartmann-sibbesse.de\/index.php?rest_route=\/wp\/v2\/pages\/1234\/revisions"}],"predecessor-version":[{"id":1236,"href":"https:\/\/sabine-hartmann-sibbesse.de\/index.php?rest_route=\/wp\/v2\/pages\/1234\/revisions\/1236"}],"up":[{"embeddable":true,"href":"https:\/\/sabine-hartmann-sibbesse.de\/index.php?rest_route=\/wp\/v2\/pages\/1147"}],"wp:attachment":[{"href":"https:\/\/sabine-hartmann-sibbesse.de\/index.php?rest_route=%2Fwp%2Fv2%2Fmedia&parent=1234"}],"curies":[{"name":"wp","href":"https:\/\/api.w.org\/{rel}","templated":true}]}}