{"id":12,"date":"2014-11-23T15:34:06","date_gmt":"2014-11-23T15:34:06","guid":{"rendered":"http:\/\/sabine-hartmann-sibbesse.de\/?page_id=12"},"modified":"2019-07-28T14:34:59","modified_gmt":"2019-07-28T14:34:59","slug":"herzlich-willkommen","status":"publish","type":"page","link":"https:\/\/sabine-hartmann-sibbesse.de\/?page_id=12","title":{"rendered":"Herzlich willkommen"},"content":{"rendered":"<p style=\"text-align: left;\"><strong>auf mein<\/strong><strong><a href=\"http:\/\/sabine-hartmann-sibbesse.de\/wp-content\/uploads\/2014\/11\/cropped-Sabine-Hartmann-125.jpg\"><img loading=\"lazy\" decoding=\"async\" class=\"alignleft wp-image-32 size-full\" src=\"http:\/\/sabine-hartmann-sibbesse.de\/wp-content\/uploads\/2014\/11\/cropped-Sabine-Hartmann-125.jpg\" alt=\"cropped-Sabine-Hartmann-125.jpg\" width=\"89\" height=\"124\" \/><\/a><\/strong><strong>er neuen Homepage, die gleichzeitig ein Blog ist.<br \/>\nHier find<\/strong><strong>en Sie Informationen \u00fcber meine bereits erschienenen<br \/>\nKrimis und Fantasyr<\/strong><strong>omane. Gleichzeitig k\u00f6nnen Sie dabei sein, w\u00e4hrend neue Projekte entstehen.<\/strong><\/p>\n<p>Aktuell entsteht eine Reihe mit &#8222;Lehrb\u00fcchern&#8220;. In ihnen gebe ich weiter, was ich als Autorin, als Leiterin von Workshops und Lehrerin so \u00fcber das Schreiben gelernt habe. Mit den K\u00fcrzestkrimis geht es los, gefolgt von Gedichten, M\u00e4rchen usw. nat\u00fcrlich gibt es auch einen Band mit Schreib-Kicks als Inspirationsquelle f\u00fcr die Hosentasche.<\/p>\n<p>F\u00fcr das Fagus-Werk in Alfeld arbeite ich gerade an Ideen und B\u00fcchern, die den Besuch im Fagus-Werk f\u00fcr Familien mit Kindern noch spannender machen sollen. Immerhin steht im n\u00e4chsten Jahr der 100. Geburtstag des Bauhauses an. Das wollen wir in Alfeld auch feiern.<\/p>\n<p style=\"text-align: left;\">Da ich nat\u00fcrlich auch gern lese und fest davon \u00fcberzeugt bin, dass alle, die schreiben, auch viel lesen (sollten), empfehle ich hier hin und wieder B\u00fccher, die mir richtig gut gefallen haben. Vielleicht gefallen sie Ihnen auch.<a href=\"http:\/\/sabine-hartmann-sibbesse.de\/wp-content\/uploads\/2018\/02\/Titel_Kikerifusch.jpg\"><img loading=\"lazy\" decoding=\"async\" class=\"alignright size-medium wp-image-587\" src=\"http:\/\/sabine-hartmann-sibbesse.de\/wp-content\/uploads\/2018\/02\/Titel_Kikerifusch-300x234.jpg\" alt=\"\" width=\"300\" height=\"234\" srcset=\"https:\/\/sabine-hartmann-sibbesse.de\/wp-content\/uploads\/2018\/02\/Titel_Kikerifusch-300x234.jpg 300w, https:\/\/sabine-hartmann-sibbesse.de\/wp-content\/uploads\/2018\/02\/Titel_Kikerifusch-624x486.jpg 624w, https:\/\/sabine-hartmann-sibbesse.de\/wp-content\/uploads\/2018\/02\/Titel_Kikerifusch.jpg 667w\" sizes=\"auto, (max-width: 300px) 100vw, 300px\" \/><\/a><\/p>\n<p style=\"text-align: left;\"><strong>Ich freue mich auf Anregungen und Kommentare.<\/strong><\/p>\n<p style=\"text-align: left;\"><strong>Sabine Hartmann<\/strong><\/p>\n<p style=\"text-align: left;\">Der Link zum Blog des Autorenkreises Wort f\u00fcr Wort : <a href=\"https:\/\/wfw.hottenstein.de\">https:\/\/wfw.hottenstein.de<\/a><\/p>\n<p style=\"text-align: left;\">Facebookseite zum Peine-Krimiband: <a href=\"https:\/\/www.facebook.com\/PeineKrimi\/\">https:\/\/www.facebook.com\/PeineKrimi\/<\/a><\/p>\n<p style=\"text-align: left;\">Facebookseite zum Elze-Krimiband: <a href=\"https:\/\/www.facebook.com\/Blutspur.durch.Elze\/\">https:\/\/www.facebook.com\/Blutspur.durch.Elze\/<\/a><\/p>\n<p>Facebookseite zum Holle-Krimiband: <a href=\"https:\/\/www.facebook.com\/KrimifuerHolle\/\">https:\/\/www.facebook.com\/KrimifuerHolle\/<\/a><\/p>\n<p style=\"text-align: left;\">Impressum<\/p>\n<p><span style=\"border-radius: 2px; text-indent: 20px; width: auto; padding: 0px 4px 0px 0px; text-align: center; font: bold 11px\/20px 'Helvetica Neue',Helvetica,sans-serif; color: #ffffff; background: #bd081c no-repeat scroll 3px 50% \/ 14px 14px; position: absolute; opacity: 0.85; z-index: 8675309; display: none; cursor: pointer; top: 24px; left: 419px;\">Merken<\/span><\/p>\n<p><span style=\"border-radius: 2px; text-indent: 20px; width: auto; padding: 0px 4px 0px 0px; text-align: center; font: bold 11px\/20px 'Helvetica Neue',Helvetica,sans-serif; color: #ffffff; background: #bd081c no-repeat scroll 3px 50% \/ 14px 14px; position: absolute; opacity: 0.85; z-index: 8675309; display: none; cursor: pointer; top: 24px; left: 419px;\">Merken<\/span><\/p>\n<p><span style=\"border-radius: 2px; text-indent: 20px; width: auto; padding: 0px 4px 0px 0px; text-align: center; font: bold 11px\/20px 'Helvetica Neue',Helvetica,sans-serif; color: #ffffff; background: #bd081c no-repeat scroll 3px 50% \/ 14px 14px; position: absolute; opacity: 1; z-index: 8675309; display: none; cursor: pointer;\">Merken<\/span><\/p>\n","protected":false},"excerpt":{"rendered":"<p>auf meiner neuen Homepage, die gleichzeitig ein Blog ist. Hier finden Sie Informationen \u00fcber meine bereits erschienenen Krimis und Fantasyromane. Gleichzeitig k\u00f6nnen Sie dabei sein, w\u00e4hrend neue Projekte entstehen. Aktuell entsteht eine Reihe mit &#8222;Lehrb\u00fcchern&#8220;. In ihnen gebe ich weiter, was ich als Autorin, als Leiterin von Workshops und Lehrerin so \u00fcber das Schreiben gelernt [&hellip;]<\/p>\n","protected":false},"author":1,"featured_media":0,"parent":0,"menu_order":0,"comment_status":"open","ping_status":"open","template":"page-templates\/front-page.php","meta":{"footnotes":""},"class_list":["post-12","page","type-page","status-publish","hentry"],"_links":{"self":[{"href":"https:\/\/sabine-hartmann-sibbesse.de\/index.php?rest_route=\/wp\/v2\/pages\/12","targetHints":{"allow":["GET"]}}],"collection":[{"href":"https:\/\/sabine-hartmann-sibbesse.de\/index.php?rest_route=\/wp\/v2\/pages"}],"about":[{"href":"https:\/\/sabine-hartmann-sibbesse.de\/index.php?rest_route=\/wp\/v2\/types\/page"}],"author":[{"embeddable":true,"href":"https:\/\/sabine-hartmann-sibbesse.de\/index.php?rest_route=\/wp\/v2\/users\/1"}],"replies":[{"embeddable":true,"href":"https:\/\/sabine-hartmann-sibbesse.de\/index.php?rest_route=%2Fwp%2Fv2%2Fcomments&post=12"}],"version-history":[{"count":29,"href":"https:\/\/sabine-hartmann-sibbesse.de\/index.php?rest_route=\/wp\/v2\/pages\/12\/revisions"}],"predecessor-version":[{"id":1023,"href":"https:\/\/sabine-hartmann-sibbesse.de\/index.php?rest_route=\/wp\/v2\/pages\/12\/revisions\/1023"}],"wp:attachment":[{"href":"https:\/\/sabine-hartmann-sibbesse.de\/index.php?rest_route=%2Fwp%2Fv2%2Fmedia&parent=12"}],"curies":[{"name":"wp","href":"https:\/\/api.w.org\/{rel}","templated":true}]}}