{"id":1157,"date":"2021-03-07T15:56:52","date_gmt":"2021-03-07T15:56:52","guid":{"rendered":"http:\/\/sabine-hartmann-sibbesse.de\/?page_id=1157"},"modified":"2021-03-07T15:57:39","modified_gmt":"2021-03-07T15:57:39","slug":"alles-zu-seiner-zeit","status":"publish","type":"page","link":"https:\/\/sabine-hartmann-sibbesse.de\/?page_id=1157","title":{"rendered":"Alles zu seiner Zeit"},"content":{"rendered":"\n<p>Ein Adventsbuch f\u00fcr die ganze Familie<\/p>\n\n\n\n<figure class=\"wp-block-image size-medium\"><img loading=\"lazy\" decoding=\"async\" width=\"198\" height=\"300\" src=\"http:\/\/sabine-hartmann-sibbesse.de\/wp-content\/uploads\/2014\/11\/Adventsbuch_Titel-198x300.png\" alt=\"\" class=\"wp-image-499\" srcset=\"https:\/\/sabine-hartmann-sibbesse.de\/wp-content\/uploads\/2014\/11\/Adventsbuch_Titel-198x300.png 198w, https:\/\/sabine-hartmann-sibbesse.de\/wp-content\/uploads\/2014\/11\/Adventsbuch_Titel-768x1164.png 768w, https:\/\/sabine-hartmann-sibbesse.de\/wp-content\/uploads\/2014\/11\/Adventsbuch_Titel-675x1024.png 675w, https:\/\/sabine-hartmann-sibbesse.de\/wp-content\/uploads\/2014\/11\/Adventsbuch_Titel-624x946.png 624w\" sizes=\"auto, (max-width: 198px) 100vw, 198px\" \/><\/figure>\n\n\n\n<p><strong>F\u00fcr jeden Tag im Advent: 24 Geschichten plus Bastelidee oder Rezept.<\/strong><\/p>\n\n\n\n<p>Ein Adventsbuch f\u00fcr die gesamte Familie, zum Vorlesen und selber Lesen, f\u00fcr Klein und Gro\u00df. Geschichten f\u00fcr jeden Tag der Adventszeit zum Tr\u00e4umen, Lachen und Nachdenken, mit passenden Zeichnungen f\u00fcr jedes Alter. Ein vielseitiges Buch, das die Geister vergangener, jetziger und zuk\u00fcnftiger adventlicher Tage einf\u00e4ngt und an die Leser weitergibt, mal klassisch oder ganz anders, nie dagewesen.<\/p>\n\n\n\n<p>Winterzeit ist Bastelzeit und bietet Raum f\u00fcr gem\u00fctliche Stunden. Illustrierte Anleitungen f\u00fcr kleine Bastelarbeiten oder au\u00dfergew\u00f6hnliche Leckereien begleiten die 24 Tage im Advent.<\/p>\n\n\n\n<p>So steht der Vorfreude auf das Weihnachtsfest nichts im Wege.<\/p>\n\n\n\n<figure class=\"wp-block-image size-medium\"><img loading=\"lazy\" decoding=\"async\" width=\"300\" height=\"225\" src=\"http:\/\/sabine-hartmann-sibbesse.de\/wp-content\/uploads\/2017\/12\/P1040942-300x225.jpg\" alt=\"\" class=\"wp-image-504\" srcset=\"https:\/\/sabine-hartmann-sibbesse.de\/wp-content\/uploads\/2017\/12\/P1040942-300x225.jpg 300w, https:\/\/sabine-hartmann-sibbesse.de\/wp-content\/uploads\/2017\/12\/P1040942-768x576.jpg 768w, https:\/\/sabine-hartmann-sibbesse.de\/wp-content\/uploads\/2017\/12\/P1040942-1024x768.jpg 1024w, https:\/\/sabine-hartmann-sibbesse.de\/wp-content\/uploads\/2017\/12\/P1040942-624x468.jpg 624w\" sizes=\"auto, (max-width: 300px) 100vw, 300px\" \/><\/figure>\n","protected":false},"excerpt":{"rendered":"<p>Ein Adventsbuch f\u00fcr die ganze Familie F\u00fcr jeden Tag im Advent: 24 Geschichten plus Bastelidee oder Rezept. Ein Adventsbuch f\u00fcr die gesamte Familie, zum Vorlesen und selber Lesen, f\u00fcr Klein und Gro\u00df. Geschichten f\u00fcr jeden Tag der Adventszeit zum Tr\u00e4umen, Lachen und Nachdenken, mit passenden Zeichnungen f\u00fcr jedes Alter. Ein vielseitiges Buch, das die Geister [&hellip;]<\/p>\n","protected":false},"author":1,"featured_media":0,"parent":1147,"menu_order":2,"comment_status":"closed","ping_status":"closed","template":"","meta":{"footnotes":""},"class_list":["post-1157","page","type-page","status-publish","hentry"],"_links":{"self":[{"href":"https:\/\/sabine-hartmann-sibbesse.de\/index.php?rest_route=\/wp\/v2\/pages\/1157","targetHints":{"allow":["GET"]}}],"collection":[{"href":"https:\/\/sabine-hartmann-sibbesse.de\/index.php?rest_route=\/wp\/v2\/pages"}],"about":[{"href":"https:\/\/sabine-hartmann-sibbesse.de\/index.php?rest_route=\/wp\/v2\/types\/page"}],"author":[{"embeddable":true,"href":"https:\/\/sabine-hartmann-sibbesse.de\/index.php?rest_route=\/wp\/v2\/users\/1"}],"replies":[{"embeddable":true,"href":"https:\/\/sabine-hartmann-sibbesse.de\/index.php?rest_route=%2Fwp%2Fv2%2Fcomments&post=1157"}],"version-history":[{"count":1,"href":"https:\/\/sabine-hartmann-sibbesse.de\/index.php?rest_route=\/wp\/v2\/pages\/1157\/revisions"}],"predecessor-version":[{"id":1158,"href":"https:\/\/sabine-hartmann-sibbesse.de\/index.php?rest_route=\/wp\/v2\/pages\/1157\/revisions\/1158"}],"up":[{"embeddable":true,"href":"https:\/\/sabine-hartmann-sibbesse.de\/index.php?rest_route=\/wp\/v2\/pages\/1147"}],"wp:attachment":[{"href":"https:\/\/sabine-hartmann-sibbesse.de\/index.php?rest_route=%2Fwp%2Fv2%2Fmedia&parent=1157"}],"curies":[{"name":"wp","href":"https:\/\/api.w.org\/{rel}","templated":true}]}}