{"id":1149,"date":"2021-03-07T15:46:53","date_gmt":"2021-03-07T15:46:53","guid":{"rendered":"http:\/\/sabine-hartmann-sibbesse.de\/?page_id=1149"},"modified":"2021-03-07T15:48:13","modified_gmt":"2021-03-07T15:48:13","slug":"begegnungen","status":"publish","type":"page","link":"https:\/\/sabine-hartmann-sibbesse.de\/?page_id=1149","title":{"rendered":"Begegnungen"},"content":{"rendered":"\n<figure class=\"wp-block-image size-medium\"><img loading=\"lazy\" decoding=\"async\" width=\"170\" height=\"300\" src=\"http:\/\/sabine-hartmann-sibbesse.de\/wp-content\/uploads\/2020\/10\/Titel-Begegnungen-170x300.jpg\" alt=\"\" class=\"wp-image-1096\" srcset=\"https:\/\/sabine-hartmann-sibbesse.de\/wp-content\/uploads\/2020\/10\/Titel-Begegnungen-170x300.jpg 170w, https:\/\/sabine-hartmann-sibbesse.de\/wp-content\/uploads\/2020\/10\/Titel-Begegnungen-580x1024.jpg 580w, https:\/\/sabine-hartmann-sibbesse.de\/wp-content\/uploads\/2020\/10\/Titel-Begegnungen-768x1356.jpg 768w, https:\/\/sabine-hartmann-sibbesse.de\/wp-content\/uploads\/2020\/10\/Titel-Begegnungen-870x1536.jpg 870w, https:\/\/sabine-hartmann-sibbesse.de\/wp-content\/uploads\/2020\/10\/Titel-Begegnungen-1160x2048.jpg 1160w, https:\/\/sabine-hartmann-sibbesse.de\/wp-content\/uploads\/2020\/10\/Titel-Begegnungen-624x1102.jpg 624w, https:\/\/sabine-hartmann-sibbesse.de\/wp-content\/uploads\/2020\/10\/Titel-Begegnungen-scaled.jpg 1450w\" sizes=\"auto, (max-width: 170px) 100vw, 170px\" \/><\/figure>\n\n\n\n<p>Nat\u00fcrlich ist jeder von uns auch ganz gern mal f\u00fcr sich \u2013 aber eigentlich machen die Begegnungen mit anderen unser Leben aus. Durch Begegnungen lernen wir Neues kennen, entwickeln uns weiter, werden begl\u00fcckt, in Staunen versetzt oder auch entt\u00e4uscht.<\/p>\n\n\n\n<p>Genau das ist der Vorteil literarischer Begegnungen. Als Leser sind wir hautnah dabei, k\u00f6nnen bei den Erlebnissen anderer mitfiebern und sogar Menschen begegnen, die vor langer Zeit gelebt haben.<\/p>\n\n\n\n<p>Wir leben, lieben, leiden mit den Figuren und nehmen Anteil an ihren Schicksalen.<\/p>\n\n\n\n<p>Freuen Sie sich auf Begegnungen mit Pu, dem B\u00e4ren, Schutzengeln bei der Arbeit, einer \u00fcberforderten Babysitterin und \u2026<\/p>\n\n\n\n<p>Hardcover, ISBN 978-3-96783-002-6, 18 \u20ac, 188 Seiten<\/p>\n\n\n\n<p>Bitte gerne hier bestellen: <a href=\"https:\/\/hottenstein.de\/product_info.php?info=p100_begegnungen.html\">Hottenstein Buchverlag<\/a>. Auf Wunsch mit Signatur\/Widmung.<\/p>\n","protected":false},"excerpt":{"rendered":"<p>Nat\u00fcrlich ist jeder von uns auch ganz gern mal f\u00fcr sich \u2013 aber eigentlich machen die Begegnungen mit anderen unser Leben aus. Durch Begegnungen lernen wir Neues kennen, entwickeln uns weiter, werden begl\u00fcckt, in Staunen versetzt oder auch entt\u00e4uscht. Genau das ist der Vorteil literarischer Begegnungen. Als Leser sind wir hautnah dabei, k\u00f6nnen bei den [&hellip;]<\/p>\n","protected":false},"author":1,"featured_media":0,"parent":1147,"menu_order":1,"comment_status":"closed","ping_status":"closed","template":"","meta":{"footnotes":""},"class_list":["post-1149","page","type-page","status-publish","hentry"],"_links":{"self":[{"href":"https:\/\/sabine-hartmann-sibbesse.de\/index.php?rest_route=\/wp\/v2\/pages\/1149","targetHints":{"allow":["GET"]}}],"collection":[{"href":"https:\/\/sabine-hartmann-sibbesse.de\/index.php?rest_route=\/wp\/v2\/pages"}],"about":[{"href":"https:\/\/sabine-hartmann-sibbesse.de\/index.php?rest_route=\/wp\/v2\/types\/page"}],"author":[{"embeddable":true,"href":"https:\/\/sabine-hartmann-sibbesse.de\/index.php?rest_route=\/wp\/v2\/users\/1"}],"replies":[{"embeddable":true,"href":"https:\/\/sabine-hartmann-sibbesse.de\/index.php?rest_route=%2Fwp%2Fv2%2Fcomments&post=1149"}],"version-history":[{"count":1,"href":"https:\/\/sabine-hartmann-sibbesse.de\/index.php?rest_route=\/wp\/v2\/pages\/1149\/revisions"}],"predecessor-version":[{"id":1150,"href":"https:\/\/sabine-hartmann-sibbesse.de\/index.php?rest_route=\/wp\/v2\/pages\/1149\/revisions\/1150"}],"up":[{"embeddable":true,"href":"https:\/\/sabine-hartmann-sibbesse.de\/index.php?rest_route=\/wp\/v2\/pages\/1147"}],"wp:attachment":[{"href":"https:\/\/sabine-hartmann-sibbesse.de\/index.php?rest_route=%2Fwp%2Fv2%2Fmedia&parent=1149"}],"curies":[{"name":"wp","href":"https:\/\/api.w.org\/{rel}","templated":true}]}}