{"id":1119,"date":"2021-03-07T15:16:39","date_gmt":"2021-03-07T15:16:39","guid":{"rendered":"http:\/\/sabine-hartmann-sibbesse.de\/?page_id=1119"},"modified":"2021-03-07T15:16:39","modified_gmt":"2021-03-07T15:16:39","slug":"der-weg-zur-geschichte-ein-reisebegleiter-fuer-autorinnen","status":"publish","type":"page","link":"https:\/\/sabine-hartmann-sibbesse.de\/?page_id=1119","title":{"rendered":"Der Weg zur Geschichte &#8211; Ein Reisebegleiter f\u00fcr AutorInnen"},"content":{"rendered":"\n<p>Ein F\u00e4cher f\u00fcr die Arbeit an Texten<\/p>\n\n\n\n<figure class=\"wp-block-image size-large\"><img loading=\"lazy\" decoding=\"async\" width=\"448\" height=\"312\" src=\"http:\/\/sabine-hartmann-sibbesse.de\/wp-content\/uploads\/2021\/03\/000-Der-Weg-zur-Geschichte-Titel2.jpg\" alt=\"\" class=\"wp-image-1123\" srcset=\"https:\/\/sabine-hartmann-sibbesse.de\/wp-content\/uploads\/2021\/03\/000-Der-Weg-zur-Geschichte-Titel2.jpg 448w, https:\/\/sabine-hartmann-sibbesse.de\/wp-content\/uploads\/2021\/03\/000-Der-Weg-zur-Geschichte-Titel2-300x209.jpg 300w\" sizes=\"auto, (max-width: 448px) 100vw, 448px\" \/><\/figure>\n\n\n\n<figure class=\"wp-block-image size-large\"><img loading=\"lazy\" decoding=\"async\" width=\"1024\" height=\"721\" src=\"http:\/\/sabine-hartmann-sibbesse.de\/wp-content\/uploads\/2021\/03\/001-Funktioniert-1024x721.jpg\" alt=\"\" class=\"wp-image-1124\" srcset=\"https:\/\/sabine-hartmann-sibbesse.de\/wp-content\/uploads\/2021\/03\/001-Funktioniert-1024x721.jpg 1024w, https:\/\/sabine-hartmann-sibbesse.de\/wp-content\/uploads\/2021\/03\/001-Funktioniert-300x211.jpg 300w, https:\/\/sabine-hartmann-sibbesse.de\/wp-content\/uploads\/2021\/03\/001-Funktioniert-768x541.jpg 768w, https:\/\/sabine-hartmann-sibbesse.de\/wp-content\/uploads\/2021\/03\/001-Funktioniert-1536x1081.jpg 1536w, https:\/\/sabine-hartmann-sibbesse.de\/wp-content\/uploads\/2021\/03\/001-Funktioniert-624x439.jpg 624w, https:\/\/sabine-hartmann-sibbesse.de\/wp-content\/uploads\/2021\/03\/001-Funktioniert.jpg 1850w\" sizes=\"auto, (max-width: 1024px) 100vw, 1024px\" \/><\/figure>\n\n\n\n<p>Die F\u00e4cher gibt es in zwei Gr\u00f6\u00dfen, A6 und A7, jeweils 30 Seiten, sehr stabil, abwischbar. F\u00fcr die Hostentasche oder den Rucksack. F\u00fcr alle Genres, immer wieder zu verwenden. Vorn und hinten durch stabilen Umschlag gesch\u00fctzt.<\/p>\n\n\n\n<p><a href=\"https:\/\/hottenstein.de\/product_info.php?info=p102_der-weg-zur-geschichte---reisebegleiter-fuer-autorinnen---a6.html\">Die F\u00e4cher sind nur \u00fcber den Hottenstein Buchverlag erh\u00e4ltlich.<\/a><\/p>\n\n\n\n<p>Eine Beispielseite:<\/p>\n\n\n\n<figure class=\"wp-block-image size-large\"><img loading=\"lazy\" decoding=\"async\" width=\"1024\" height=\"721\" src=\"http:\/\/sabine-hartmann-sibbesse.de\/wp-content\/uploads\/2021\/03\/006-Helden2-1024x721.jpg\" alt=\"\" class=\"wp-image-1125\" srcset=\"https:\/\/sabine-hartmann-sibbesse.de\/wp-content\/uploads\/2021\/03\/006-Helden2-1024x721.jpg 1024w, https:\/\/sabine-hartmann-sibbesse.de\/wp-content\/uploads\/2021\/03\/006-Helden2-300x211.jpg 300w, https:\/\/sabine-hartmann-sibbesse.de\/wp-content\/uploads\/2021\/03\/006-Helden2-768x541.jpg 768w, https:\/\/sabine-hartmann-sibbesse.de\/wp-content\/uploads\/2021\/03\/006-Helden2-1536x1081.jpg 1536w, https:\/\/sabine-hartmann-sibbesse.de\/wp-content\/uploads\/2021\/03\/006-Helden2-624x439.jpg 624w, https:\/\/sabine-hartmann-sibbesse.de\/wp-content\/uploads\/2021\/03\/006-Helden2.jpg 1850w\" sizes=\"auto, (max-width: 1024px) 100vw, 1024px\" \/><\/figure>\n","protected":false},"excerpt":{"rendered":"<p>Ein F\u00e4cher f\u00fcr die Arbeit an Texten Die F\u00e4cher gibt es in zwei Gr\u00f6\u00dfen, A6 und A7, jeweils 30 Seiten, sehr stabil, abwischbar. F\u00fcr die Hostentasche oder den Rucksack. F\u00fcr alle Genres, immer wieder zu verwenden. Vorn und hinten durch stabilen Umschlag gesch\u00fctzt. Die F\u00e4cher sind nur \u00fcber den Hottenstein Buchverlag erh\u00e4ltlich. Eine Beispielseite:<\/p>\n","protected":false},"author":1,"featured_media":0,"parent":51,"menu_order":2,"comment_status":"closed","ping_status":"closed","template":"","meta":{"footnotes":""},"class_list":["post-1119","page","type-page","status-publish","hentry"],"_links":{"self":[{"href":"https:\/\/sabine-hartmann-sibbesse.de\/index.php?rest_route=\/wp\/v2\/pages\/1119","targetHints":{"allow":["GET"]}}],"collection":[{"href":"https:\/\/sabine-hartmann-sibbesse.de\/index.php?rest_route=\/wp\/v2\/pages"}],"about":[{"href":"https:\/\/sabine-hartmann-sibbesse.de\/index.php?rest_route=\/wp\/v2\/types\/page"}],"author":[{"embeddable":true,"href":"https:\/\/sabine-hartmann-sibbesse.de\/index.php?rest_route=\/wp\/v2\/users\/1"}],"replies":[{"embeddable":true,"href":"https:\/\/sabine-hartmann-sibbesse.de\/index.php?rest_route=%2Fwp%2Fv2%2Fcomments&post=1119"}],"version-history":[{"count":1,"href":"https:\/\/sabine-hartmann-sibbesse.de\/index.php?rest_route=\/wp\/v2\/pages\/1119\/revisions"}],"predecessor-version":[{"id":1126,"href":"https:\/\/sabine-hartmann-sibbesse.de\/index.php?rest_route=\/wp\/v2\/pages\/1119\/revisions\/1126"}],"up":[{"embeddable":true,"href":"https:\/\/sabine-hartmann-sibbesse.de\/index.php?rest_route=\/wp\/v2\/pages\/51"}],"wp:attachment":[{"href":"https:\/\/sabine-hartmann-sibbesse.de\/index.php?rest_route=%2Fwp%2Fv2%2Fmedia&parent=1119"}],"curies":[{"name":"wp","href":"https:\/\/api.w.org\/{rel}","templated":true}]}}