{"id":73,"date":"2014-11-23T17:00:46","date_gmt":"2014-11-23T17:00:46","guid":{"rendered":"http:\/\/sabine-hartmann-sibbesse.de\/?page_id=73"},"modified":"2016-07-29T19:05:55","modified_gmt":"2016-07-29T19:05:55","slug":"axlung","status":"publish","type":"page","link":"http:\/\/sabine-hartmann-sibbesse.de\/?page_id=73","title":{"rendered":"Axlung"},"content":{"rendered":"<p><a href=\"http:\/\/sabine-hartmann-sibbesse.de\/wp-content\/uploads\/2014\/11\/Titel-Axlung.jpg\"><img loading=\"lazy\" decoding=\"async\" class=\"alignright wp-image-142 size-medium\" src=\"http:\/\/sabine-hartmann-sibbesse.de\/wp-content\/uploads\/2014\/11\/Titel-Axlung-194x300.jpg\" alt=\"Titel Axlung\" width=\"194\" height=\"300\" srcset=\"http:\/\/sabine-hartmann-sibbesse.de\/wp-content\/uploads\/2014\/11\/Titel-Axlung-194x300.jpg 194w, http:\/\/sabine-hartmann-sibbesse.de\/wp-content\/uploads\/2014\/11\/Titel-Axlung-663x1024.jpg 663w, http:\/\/sabine-hartmann-sibbesse.de\/wp-content\/uploads\/2014\/11\/Titel-Axlung-624x963.jpg 624w, http:\/\/sabine-hartmann-sibbesse.de\/wp-content\/uploads\/2014\/11\/Titel-Axlung.jpg 1472w\" sizes=\"auto, (max-width: 194px) 100vw, 194px\" \/><\/a>Es gibt sie noch, die letzten Drachen! Heimlich und nahezu unbemerkt leben sie in W\u00e4ldern, Meeren und auf Bergen, denn sie sind in gro\u00dfer Gefahr. Nur wenige Menschen sch\u00fctzen ihre letzten Verstecke. Als die Feuerdrachen dennoch fliehen m\u00fcssen, bleiben ihre Eier zur\u00fcck, die von Ersatzeltern ausgebr\u00fctet und aufgezogen werden. Nur nach und nach finden sich die Drachengeschwister wieder. Sie machen sich auf den Weg, weitere Artgenossen zu suchen und geraten dabei in das Visier eines Basilisken. Diese b\u00f6sartigen Lindw\u00fcrmer k\u00f6nnen ihre Jungen nur in Drachenkadavern aufziehen. Deshalb droht ihre Art auszusterben. Die letzten befinden sich in der Obhut eines Ordens, der den Gl\u00fccksdrachen Axlung gefangen h\u00e4lt. Doch der Basilisk will mehr. Er braucht die K\u00f6rper der drei Drachenkinder.<\/p>\n<p>C.W. Niemeyer Verlag, ISBN 978-3-8271-9590-6, Sep. 2014, 256 Seiten, 7,95 \u20ac<\/p>\n<p><span style=\"border-radius: 2px; text-indent: 20px; width: auto; padding: 0px 4px 0px 0px; text-align: center; font: bold 11px\/20px 'Helvetica Neue',Helvetica,sans-serif; color: #ffffff; background: #bd081c  no-repeat scroll 3px 50% \/ 14px 14px; position: absolute; opacity: 0.85; z-index: 8675309; display: none; cursor: pointer; top: 32px; left: 451px;\">Merken<\/span><\/p>\n","protected":false},"excerpt":{"rendered":"<p>Es gibt sie noch, die letzten Drachen! Heimlich und nahezu unbemerkt leben sie in W\u00e4ldern, Meeren und auf Bergen, denn sie sind in gro\u00dfer Gefahr. Nur wenige Menschen sch\u00fctzen ihre letzten Verstecke. Als die Feuerdrachen dennoch fliehen m\u00fcssen, bleiben ihre Eier zur\u00fcck, die von Ersatzeltern ausgebr\u00fctet und aufgezogen werden. Nur nach und nach finden sich [&hellip;]<\/p>\n","protected":false},"author":1,"featured_media":0,"parent":49,"menu_order":4,"comment_status":"open","ping_status":"open","template":"","meta":{"footnotes":""},"class_list":["post-73","page","type-page","status-publish","hentry"],"_links":{"self":[{"href":"http:\/\/sabine-hartmann-sibbesse.de\/index.php?rest_route=\/wp\/v2\/pages\/73","targetHints":{"allow":["GET"]}}],"collection":[{"href":"http:\/\/sabine-hartmann-sibbesse.de\/index.php?rest_route=\/wp\/v2\/pages"}],"about":[{"href":"http:\/\/sabine-hartmann-sibbesse.de\/index.php?rest_route=\/wp\/v2\/types\/page"}],"author":[{"embeddable":true,"href":"http:\/\/sabine-hartmann-sibbesse.de\/index.php?rest_route=\/wp\/v2\/users\/1"}],"replies":[{"embeddable":true,"href":"http:\/\/sabine-hartmann-sibbesse.de\/index.php?rest_route=%2Fwp%2Fv2%2Fcomments&post=73"}],"version-history":[{"count":3,"href":"http:\/\/sabine-hartmann-sibbesse.de\/index.php?rest_route=\/wp\/v2\/pages\/73\/revisions"}],"predecessor-version":[{"id":350,"href":"http:\/\/sabine-hartmann-sibbesse.de\/index.php?rest_route=\/wp\/v2\/pages\/73\/revisions\/350"}],"up":[{"embeddable":true,"href":"http:\/\/sabine-hartmann-sibbesse.de\/index.php?rest_route=\/wp\/v2\/pages\/49"}],"wp:attachment":[{"href":"http:\/\/sabine-hartmann-sibbesse.de\/index.php?rest_route=%2Fwp%2Fv2%2Fmedia&parent=73"}],"curies":[{"name":"wp","href":"https:\/\/api.w.org\/{rel}","templated":true}]}}