{"id":663,"date":"2018-05-09T18:47:02","date_gmt":"2018-05-09T18:47:02","guid":{"rendered":"http:\/\/sabine-hartmann-sibbesse.de\/?page_id=663"},"modified":"2018-05-09T19:02:35","modified_gmt":"2018-05-09T19:02:35","slug":"maerchen-schreiben","status":"publish","type":"page","link":"http:\/\/sabine-hartmann-sibbesse.de\/?page_id=663","title":{"rendered":"M\u00e4rchen schreiben"},"content":{"rendered":"<p><a href=\"http:\/\/sabine-hartmann-sibbesse.de\/wp-content\/uploads\/2018\/05\/Titel-M\u00e4rchen-schreiben.jpg\"><img loading=\"lazy\" decoding=\"async\" class=\"alignright size-medium wp-image-660\" src=\"http:\/\/sabine-hartmann-sibbesse.de\/wp-content\/uploads\/2018\/05\/Titel-M\u00e4rchen-schreiben-196x300.jpg\" alt=\"\" width=\"196\" height=\"300\" srcset=\"http:\/\/sabine-hartmann-sibbesse.de\/wp-content\/uploads\/2018\/05\/Titel-M\u00e4rchen-schreiben-196x300.jpg 196w, http:\/\/sabine-hartmann-sibbesse.de\/wp-content\/uploads\/2018\/05\/Titel-M\u00e4rchen-schreiben.jpg 409w\" sizes=\"auto, (max-width: 196px) 100vw, 196px\" \/><\/a>M\u00e4rchen geh\u00f6ren zu unserer Kultur. Alle Kinder wachsen damit auf, nicht nur bei uns, weltweit. Trotzdem \u2013 oder gerade deshalb? \u2013 hagelt es Kritik. Zu grausam, chauvinistisch, angsteinfl\u00f6\u00dfend.<br \/>\nGenau der richtige Zeitpunkt, eigene, moderne M\u00e4rchen zu erz\u00e4hlen.<br \/>\nDieses B\u00fcchlein unterst\u00fctzt Sie dabei. Mit Theorie und Anregungen, mit Beispielen und Tipps.<span class=\"text_exposed_show\"><br \/>\nSchreiben Sie Ihr erstes eigenes M\u00e4rchen.<\/span><\/p>\n<p>Hier k\u00f6nnen Sie das Buch direkt bestellen:<\/p>\n<p><a href=\"https:\/\/hottenstein.de\/product_info.php?info=p85_maerchen-schreiben.html\">https:\/\/hottenstein.de\/product_info.php?info=p85_maerchen-schreiben.html<\/a><\/p>\n<div class=\"text_exposed_show\">\n<p>&nbsp;<\/p>\n<\/div>\n","protected":false},"excerpt":{"rendered":"<p>M\u00e4rchen geh\u00f6ren zu unserer Kultur. Alle Kinder wachsen damit auf, nicht nur bei uns, weltweit. Trotzdem \u2013 oder gerade deshalb? \u2013 hagelt es Kritik. Zu grausam, chauvinistisch, angsteinfl\u00f6\u00dfend. Genau der richtige Zeitpunkt, eigene, moderne M\u00e4rchen zu erz\u00e4hlen. Dieses B\u00fcchlein unterst\u00fctzt Sie dabei. Mit Theorie und Anregungen, mit Beispielen und Tipps. Schreiben Sie Ihr erstes eigenes [&hellip;]<\/p>\n","protected":false},"author":1,"featured_media":0,"parent":51,"menu_order":5,"comment_status":"closed","ping_status":"closed","template":"","meta":{"footnotes":""},"class_list":["post-663","page","type-page","status-publish","hentry"],"_links":{"self":[{"href":"http:\/\/sabine-hartmann-sibbesse.de\/index.php?rest_route=\/wp\/v2\/pages\/663","targetHints":{"allow":["GET"]}}],"collection":[{"href":"http:\/\/sabine-hartmann-sibbesse.de\/index.php?rest_route=\/wp\/v2\/pages"}],"about":[{"href":"http:\/\/sabine-hartmann-sibbesse.de\/index.php?rest_route=\/wp\/v2\/types\/page"}],"author":[{"embeddable":true,"href":"http:\/\/sabine-hartmann-sibbesse.de\/index.php?rest_route=\/wp\/v2\/users\/1"}],"replies":[{"embeddable":true,"href":"http:\/\/sabine-hartmann-sibbesse.de\/index.php?rest_route=%2Fwp%2Fv2%2Fcomments&post=663"}],"version-history":[{"count":3,"href":"http:\/\/sabine-hartmann-sibbesse.de\/index.php?rest_route=\/wp\/v2\/pages\/663\/revisions"}],"predecessor-version":[{"id":667,"href":"http:\/\/sabine-hartmann-sibbesse.de\/index.php?rest_route=\/wp\/v2\/pages\/663\/revisions\/667"}],"up":[{"embeddable":true,"href":"http:\/\/sabine-hartmann-sibbesse.de\/index.php?rest_route=\/wp\/v2\/pages\/51"}],"wp:attachment":[{"href":"http:\/\/sabine-hartmann-sibbesse.de\/index.php?rest_route=%2Fwp%2Fv2%2Fmedia&parent=663"}],"curies":[{"name":"wp","href":"https:\/\/api.w.org\/{rel}","templated":true}]}}