{"id":582,"date":"2018-02-08T16:39:21","date_gmt":"2018-02-08T16:39:21","guid":{"rendered":"http:\/\/sabine-hartmann-sibbesse.de\/?page_id=582"},"modified":"2018-02-08T16:39:21","modified_gmt":"2018-02-08T16:39:21","slug":"50-schreib-kicks-fuer-die-hosentasche","status":"publish","type":"page","link":"http:\/\/sabine-hartmann-sibbesse.de\/?page_id=582","title":{"rendered":"50 Schreib-Kicks f\u00fcr die Hosentasche"},"content":{"rendered":"<p>H<a href=\"http:\/\/sabine-hartmann-sibbesse.de\/wp-content\/uploads\/2018\/02\/Titel-Schreib-Kicks.jpg\"><img loading=\"lazy\" decoding=\"async\" class=\"alignright size-medium wp-image-583\" src=\"http:\/\/sabine-hartmann-sibbesse.de\/wp-content\/uploads\/2018\/02\/Titel-Schreib-Kicks-199x300.jpg\" alt=\"\" width=\"199\" height=\"300\" srcset=\"http:\/\/sabine-hartmann-sibbesse.de\/wp-content\/uploads\/2018\/02\/Titel-Schreib-Kicks-199x300.jpg 199w, http:\/\/sabine-hartmann-sibbesse.de\/wp-content\/uploads\/2018\/02\/Titel-Schreib-Kicks.jpg 273w\" sizes=\"auto, (max-width: 199px) 100vw, 199px\" \/><\/a>aben Sie heute schon geschrieben?<\/p>\n<p>Keine Zeit? Keine Ideen? Gerade kein Notizbuch zur Hand?<\/p>\n<p>Dieses B\u00fcchlein bietet Ihnen 50 Ideen, die Ihren Schreibfluss garantiert in Gang setzen.<\/p>\n<p>F\u00fcr jeden Schreib-Kick steht im B\u00fcchlein Platz zur Verf\u00fcgung, wo Sie Ihre Texte gleich notieren k\u00f6nnen, wo immer Sie gerade sind.<\/p>\n<p>Es gibt nicht nur inhaltliche Anregungen, sondern auch zu Form, Genre und Stil.<\/p>\n<p>Ein Beispiel gef\u00e4llig?<\/p>\n<p>Schreiben Sie einen Liebesbrief an Ihren Lieblingsb\u00e4cker.<\/p>\n<p>Ihr Auto beschwert sich, weil sie so rasen.<\/p>\n<p>Was w\u00e4re, wenn Ihr Chef pl\u00f6tzlich verschwunden w\u00e4re?<\/p>\n<p>&nbsp;<\/p>\n<p>Das B\u00fcchlein passt in die Hosen- oder Handtasche. So k\u00f6nnen Sie Wartezeiten kreativ nutzen.<\/p>\n","protected":false},"excerpt":{"rendered":"<p>Haben Sie heute schon geschrieben? Keine Zeit? Keine Ideen? Gerade kein Notizbuch zur Hand? Dieses B\u00fcchlein bietet Ihnen 50 Ideen, die Ihren Schreibfluss garantiert in Gang setzen. F\u00fcr jeden Schreib-Kick steht im B\u00fcchlein Platz zur Verf\u00fcgung, wo Sie Ihre Texte gleich notieren k\u00f6nnen, wo immer Sie gerade sind. Es gibt nicht nur inhaltliche Anregungen, sondern [&hellip;]<\/p>\n","protected":false},"author":1,"featured_media":0,"parent":51,"menu_order":4,"comment_status":"closed","ping_status":"closed","template":"","meta":{"footnotes":""},"class_list":["post-582","page","type-page","status-publish","hentry"],"_links":{"self":[{"href":"http:\/\/sabine-hartmann-sibbesse.de\/index.php?rest_route=\/wp\/v2\/pages\/582","targetHints":{"allow":["GET"]}}],"collection":[{"href":"http:\/\/sabine-hartmann-sibbesse.de\/index.php?rest_route=\/wp\/v2\/pages"}],"about":[{"href":"http:\/\/sabine-hartmann-sibbesse.de\/index.php?rest_route=\/wp\/v2\/types\/page"}],"author":[{"embeddable":true,"href":"http:\/\/sabine-hartmann-sibbesse.de\/index.php?rest_route=\/wp\/v2\/users\/1"}],"replies":[{"embeddable":true,"href":"http:\/\/sabine-hartmann-sibbesse.de\/index.php?rest_route=%2Fwp%2Fv2%2Fcomments&post=582"}],"version-history":[{"count":1,"href":"http:\/\/sabine-hartmann-sibbesse.de\/index.php?rest_route=\/wp\/v2\/pages\/582\/revisions"}],"predecessor-version":[{"id":584,"href":"http:\/\/sabine-hartmann-sibbesse.de\/index.php?rest_route=\/wp\/v2\/pages\/582\/revisions\/584"}],"up":[{"embeddable":true,"href":"http:\/\/sabine-hartmann-sibbesse.de\/index.php?rest_route=\/wp\/v2\/pages\/51"}],"wp:attachment":[{"href":"http:\/\/sabine-hartmann-sibbesse.de\/index.php?rest_route=%2Fwp%2Fv2%2Fmedia&parent=582"}],"curies":[{"name":"wp","href":"https:\/\/api.w.org\/{rel}","templated":true}]}}