{"id":58,"date":"2014-11-23T16:49:02","date_gmt":"2014-11-23T16:49:02","guid":{"rendered":"http:\/\/sabine-hartmann-sibbesse.de\/?page_id=58"},"modified":"2017-01-29T20:17:25","modified_gmt":"2017-01-29T20:17:25","slug":"mordsidylle","status":"publish","type":"page","link":"http:\/\/sabine-hartmann-sibbesse.de\/?page_id=58","title":{"rendered":"Mords Idylle"},"content":{"rendered":"<p><a href=\"http:\/\/sabine-hartmann-sibbesse.de\/wp-content\/uploads\/2014\/11\/Mordy-Idylle.jpg\"><img loading=\"lazy\" decoding=\"async\" class=\"alignright wp-image-59 size-medium\" src=\"http:\/\/sabine-hartmann-sibbesse.de\/wp-content\/uploads\/2014\/11\/Mordy-Idylle-197x300.jpg\" alt=\"Mordy Idylle\" width=\"197\" height=\"300\" srcset=\"http:\/\/sabine-hartmann-sibbesse.de\/wp-content\/uploads\/2014\/11\/Mordy-Idylle-197x300.jpg 197w, http:\/\/sabine-hartmann-sibbesse.de\/wp-content\/uploads\/2014\/11\/Mordy-Idylle-673x1024.jpg 673w, http:\/\/sabine-hartmann-sibbesse.de\/wp-content\/uploads\/2014\/11\/Mordy-Idylle-624x949.jpg 624w, http:\/\/sabine-hartmann-sibbesse.de\/wp-content\/uploads\/2014\/11\/Mordy-Idylle.jpg 1477w\" sizes=\"auto, (max-width: 197px) 100vw, 197px\" \/><\/a>Als die Kriminalpolizistin Lisa Grundberg sich nach Alfeld versetzen l\u00e4sst, ahnt sie nicht, dass sie bereits nach wenigen Tagen nach dem M\u00f6rder einer jungen Frau suchen wir, die nach einer Vernissage tot im Treppenhaus des Fagus-Werkes gefunden wird.<\/p>\n<p>Gemeinsam mit ihrem Kollegen Markus Heitk\u00e4mper ermittelt sie in 16 F\u00e4llen in der Region Leinebergland. Sie bekommt es mit Brandstiftern zu tun, jagt einen Entf\u00fchrer oder sucht nach dem M\u00f6rder mit der Schlange. Als sie im Ratskeller in Lamspringe einen Toten in einem Branntweinfass finden, brauchen sie die Unterst\u00fctzung eines Historikers, Fitz. Der hilft ihnen auch, mit einer Ansichtskarte einen T\u00e4ter zu entlarven, der vor mehr als vierzig Jahren gemordet hat.<\/p>\n<p>Doch kaum ist dieser Fall gel\u00f6st, wartet der n\u00e4chste auf sie: im Kr\u00f6tentunnel, an den Apenteichquellen oder in der L\u00f6ns-Grotte ein Mord heimt\u00fcckischer als der andere.<\/p>\n<p>C.W. Niemeyer Verlag, ISBN 978-3-8271-9456-5, Mai 2012, 328 Seiten, 9,95 \u20ac<\/p>\n","protected":false},"excerpt":{"rendered":"<p>Als die Kriminalpolizistin Lisa Grundberg sich nach Alfeld versetzen l\u00e4sst, ahnt sie nicht, dass sie bereits nach wenigen Tagen nach dem M\u00f6rder einer jungen Frau suchen wir, die nach einer Vernissage tot im Treppenhaus des Fagus-Werkes gefunden wird. Gemeinsam mit ihrem Kollegen Markus Heitk\u00e4mper ermittelt sie in 16 F\u00e4llen in der Region Leinebergland. Sie bekommt [&hellip;]<\/p>\n","protected":false},"author":1,"featured_media":0,"parent":176,"menu_order":1,"comment_status":"open","ping_status":"open","template":"","meta":{"footnotes":""},"class_list":["post-58","page","type-page","status-publish","hentry"],"_links":{"self":[{"href":"http:\/\/sabine-hartmann-sibbesse.de\/index.php?rest_route=\/wp\/v2\/pages\/58","targetHints":{"allow":["GET"]}}],"collection":[{"href":"http:\/\/sabine-hartmann-sibbesse.de\/index.php?rest_route=\/wp\/v2\/pages"}],"about":[{"href":"http:\/\/sabine-hartmann-sibbesse.de\/index.php?rest_route=\/wp\/v2\/types\/page"}],"author":[{"embeddable":true,"href":"http:\/\/sabine-hartmann-sibbesse.de\/index.php?rest_route=\/wp\/v2\/users\/1"}],"replies":[{"embeddable":true,"href":"http:\/\/sabine-hartmann-sibbesse.de\/index.php?rest_route=%2Fwp%2Fv2%2Fcomments&post=58"}],"version-history":[{"count":2,"href":"http:\/\/sabine-hartmann-sibbesse.de\/index.php?rest_route=\/wp\/v2\/pages\/58\/revisions"}],"predecessor-version":[{"id":90,"href":"http:\/\/sabine-hartmann-sibbesse.de\/index.php?rest_route=\/wp\/v2\/pages\/58\/revisions\/90"}],"up":[{"embeddable":true,"href":"http:\/\/sabine-hartmann-sibbesse.de\/index.php?rest_route=\/wp\/v2\/pages\/176"}],"wp:attachment":[{"href":"http:\/\/sabine-hartmann-sibbesse.de\/index.php?rest_route=%2Fwp%2Fv2%2Fmedia&parent=58"}],"curies":[{"name":"wp","href":"https:\/\/api.w.org\/{rel}","templated":true}]}}