{"id":569,"date":"2018-01-30T16:52:10","date_gmt":"2018-01-30T16:52:10","guid":{"rendered":"http:\/\/sabine-hartmann-sibbesse.de\/?page_id=569"},"modified":"2018-01-30T16:56:04","modified_gmt":"2018-01-30T16:56:04","slug":"gedichte-schreiben","status":"publish","type":"page","link":"http:\/\/sabine-hartmann-sibbesse.de\/?page_id=569","title":{"rendered":"Gedichte schreiben"},"content":{"rendered":"<p>Nachdem das B\u00fcchlein \u201eK\u00fcrzestkrimis schreiben\u201c so gut angekommen ist und immer wieder die Frage gestellt wurde, ob es noch weitere B\u00e4nde dazu g\u00e4be, habe ich einen weiteren konzipiert:<a href=\"http:\/\/sabine-hartmann-sibbesse.de\/wp-content\/uploads\/2018\/01\/Titel-Gedichte-schreiben.jpg\"><img loading=\"lazy\" decoding=\"async\" class=\"wp-image-548 size-medium alignright\" src=\"http:\/\/sabine-hartmann-sibbesse.de\/wp-content\/uploads\/2018\/01\/Titel-Gedichte-schreiben-196x300.jpg\" alt=\"\" width=\"196\" height=\"300\" srcset=\"http:\/\/sabine-hartmann-sibbesse.de\/wp-content\/uploads\/2018\/01\/Titel-Gedichte-schreiben-196x300.jpg 196w, http:\/\/sabine-hartmann-sibbesse.de\/wp-content\/uploads\/2018\/01\/Titel-Gedichte-schreiben.jpg 549w\" sizes=\"auto, (max-width: 196px) 100vw, 196px\" \/><\/a><\/p>\n<h1>Gedichte schreiben<\/h1>\n<h6>Ein Sonett kann so nett sein,<\/h6>\n<h6>ein Limerick kann kokett sein,<\/h6>\n<h6>eine Ballade kann fett sein<\/h6>\n<h6>und Sie d\u00fcrfen beim Reimen im Bett sein \u2026<\/h6>\n<p>\u2026 denn dieses kleine B\u00fcchlein begleitet Sie gern \u00fcberall dorthin, wo Sie ein wenig Mu\u00dfe haben, um ein Gedicht zu schreiben oder mit Sprache zu spielen.<\/p>\n<p>Neben Elfchen und Sonett k\u00f6nnen Sie auch konkrete Poesie, Akrostichon, Limerick, Haiku oder Moritat kennenlernen.<\/p>\n<p>Im B\u00fcchlein ist Platz f\u00fcr Ihre eigenen Texte. Ein Theorieteil begleitet Sie tiefer in die Materie, wenn Sie m\u00f6gen. Doch im Vordergrund steht die Freude am Dichten.<\/p>\n<p>Bestellbar \u00fcber den Hottenstein Buchverlag: <a href=\"https:\/\/hottenstein.de\/product_info.php?info=p79_gedichte-schreiben.html\">https:\/\/hottenstein.de\/product_info.php?info=p79_gedichte-schreiben.htm<\/a>l oder jede andere Buchhandlung, auch online.<\/p>\n<p>ISBN: 978-3935928823, 7,90 \u20ac f\u00fcr 80 Seiten.<\/p>\n<p>Mit viel Platz f\u00fcr eigene Texte oder Schreibideen.<\/p>\n","protected":false},"excerpt":{"rendered":"<p>Nachdem das B\u00fcchlein \u201eK\u00fcrzestkrimis schreiben\u201c so gut angekommen ist und immer wieder die Frage gestellt wurde, ob es noch weitere B\u00e4nde dazu g\u00e4be, habe ich einen weiteren konzipiert: Gedichte schreiben Ein Sonett kann so nett sein, ein Limerick kann kokett sein, eine Ballade kann fett sein und Sie d\u00fcrfen beim Reimen im Bett sein \u2026 [&hellip;]<\/p>\n","protected":false},"author":1,"featured_media":0,"parent":51,"menu_order":2,"comment_status":"closed","ping_status":"closed","template":"","meta":{"footnotes":""},"class_list":["post-569","page","type-page","status-publish","hentry"],"_links":{"self":[{"href":"http:\/\/sabine-hartmann-sibbesse.de\/index.php?rest_route=\/wp\/v2\/pages\/569","targetHints":{"allow":["GET"]}}],"collection":[{"href":"http:\/\/sabine-hartmann-sibbesse.de\/index.php?rest_route=\/wp\/v2\/pages"}],"about":[{"href":"http:\/\/sabine-hartmann-sibbesse.de\/index.php?rest_route=\/wp\/v2\/types\/page"}],"author":[{"embeddable":true,"href":"http:\/\/sabine-hartmann-sibbesse.de\/index.php?rest_route=\/wp\/v2\/users\/1"}],"replies":[{"embeddable":true,"href":"http:\/\/sabine-hartmann-sibbesse.de\/index.php?rest_route=%2Fwp%2Fv2%2Fcomments&post=569"}],"version-history":[{"count":3,"href":"http:\/\/sabine-hartmann-sibbesse.de\/index.php?rest_route=\/wp\/v2\/pages\/569\/revisions"}],"predecessor-version":[{"id":572,"href":"http:\/\/sabine-hartmann-sibbesse.de\/index.php?rest_route=\/wp\/v2\/pages\/569\/revisions\/572"}],"up":[{"embeddable":true,"href":"http:\/\/sabine-hartmann-sibbesse.de\/index.php?rest_route=\/wp\/v2\/pages\/51"}],"wp:attachment":[{"href":"http:\/\/sabine-hartmann-sibbesse.de\/index.php?rest_route=%2Fwp%2Fv2%2Fmedia&parent=569"}],"curies":[{"name":"wp","href":"https:\/\/api.w.org\/{rel}","templated":true}]}}