{"id":394,"date":"2017-01-29T20:20:34","date_gmt":"2017-01-29T20:20:34","guid":{"rendered":"http:\/\/sabine-hartmann-sibbesse.de\/?page_id=394"},"modified":"2017-12-26T13:11:56","modified_gmt":"2017-12-26T13:11:56","slug":"kuerzestkrimis-schreiben","status":"publish","type":"page","link":"http:\/\/sabine-hartmann-sibbesse.de\/?page_id=394","title":{"rendered":"K\u00fcrzestkrimis schreiben"},"content":{"rendered":"<p><strong>In der K\u00fcrze liegt die W\u00fcrze.<\/strong><a href=\"http:\/\/sabine-hartmann-sibbesse.de\/wp-content\/uploads\/2017\/01\/Titel-K\u00fcrzestkrimis.jpg\"><img loading=\"lazy\" decoding=\"async\" class=\"alignright size-medium wp-image-407\" src=\"http:\/\/sabine-hartmann-sibbesse.de\/wp-content\/uploads\/2017\/01\/Titel-K\u00fcrzestkrimis-197x300.jpg\" alt=\"\" width=\"197\" height=\"300\" srcset=\"http:\/\/sabine-hartmann-sibbesse.de\/wp-content\/uploads\/2017\/01\/Titel-K\u00fcrzestkrimis-197x300.jpg 197w, http:\/\/sabine-hartmann-sibbesse.de\/wp-content\/uploads\/2017\/01\/Titel-K\u00fcrzestkrimis.jpg 549w\" sizes=\"auto, (max-width: 197px) 100vw, 197px\" \/><\/a><\/p>\n<p>Manchmal braucht es eben keine 400 Seiten, um einen Mord aufzukl\u00e4ren. Manchmal klappt das auf einer halben Seite. Mit \u00dcberraschung und Aha-Effekt am Ende.<\/p>\n<p>Je k\u00fcrzer der Text, umso mehr kommt es auf jedes einzelne Wort an. Das macht K\u00fcrzestkrimis zur idealen Spielwiese f\u00fcr m\u00f6rderische Ideen. Im B\u00fcchlein ist genug Platz f\u00fcr Ihre eigenen Entw\u00fcrfe.<\/p>\n<p>Noch 10 Minuten, bis der Zug kommt? Reicht f\u00fcr ein Krimihaiku. Volles Wartezimmer? Schreiben Sie doch einen Postkartenkrimi.<\/p>\n<p>Bestellbar \u00fcber den Hottenstein Buchverlag: <a href=\"https:\/\/hottenstein.de\/product_info.php?info=p72_kuerzestkrimis-schreiben.html\">https:\/\/hottenstein.de\/product_info.php?info=p72_kuerzestkrimis-schreiben.html<\/a><\/p>\n<p>oder jede andere Buchhandlung, auch online.<\/p>\n<p>ISBN: 978-3935928625, 7,90 \u20ac f\u00fcr 80 Seiten, teilweise farbig.<\/p>\n<p>Mit viel Platz f\u00fcr eigene Texte oder Schreibideen.<\/p>\n","protected":false},"excerpt":{"rendered":"<p>In der K\u00fcrze liegt die W\u00fcrze. Manchmal braucht es eben keine 400 Seiten, um einen Mord aufzukl\u00e4ren. Manchmal klappt das auf einer halben Seite. Mit \u00dcberraschung und Aha-Effekt am Ende. Je k\u00fcrzer der Text, umso mehr kommt es auf jedes einzelne Wort an. Das macht K\u00fcrzestkrimis zur idealen Spielwiese f\u00fcr m\u00f6rderische Ideen. Im B\u00fcchlein ist [&hellip;]<\/p>\n","protected":false},"author":1,"featured_media":0,"parent":51,"menu_order":1,"comment_status":"closed","ping_status":"closed","template":"","meta":{"footnotes":""},"class_list":["post-394","page","type-page","status-publish","hentry"],"_links":{"self":[{"href":"http:\/\/sabine-hartmann-sibbesse.de\/index.php?rest_route=\/wp\/v2\/pages\/394","targetHints":{"allow":["GET"]}}],"collection":[{"href":"http:\/\/sabine-hartmann-sibbesse.de\/index.php?rest_route=\/wp\/v2\/pages"}],"about":[{"href":"http:\/\/sabine-hartmann-sibbesse.de\/index.php?rest_route=\/wp\/v2\/types\/page"}],"author":[{"embeddable":true,"href":"http:\/\/sabine-hartmann-sibbesse.de\/index.php?rest_route=\/wp\/v2\/users\/1"}],"replies":[{"embeddable":true,"href":"http:\/\/sabine-hartmann-sibbesse.de\/index.php?rest_route=%2Fwp%2Fv2%2Fcomments&post=394"}],"version-history":[{"count":4,"href":"http:\/\/sabine-hartmann-sibbesse.de\/index.php?rest_route=\/wp\/v2\/pages\/394\/revisions"}],"predecessor-version":[{"id":525,"href":"http:\/\/sabine-hartmann-sibbesse.de\/index.php?rest_route=\/wp\/v2\/pages\/394\/revisions\/525"}],"up":[{"embeddable":true,"href":"http:\/\/sabine-hartmann-sibbesse.de\/index.php?rest_route=\/wp\/v2\/pages\/51"}],"wp:attachment":[{"href":"http:\/\/sabine-hartmann-sibbesse.de\/index.php?rest_route=%2Fwp%2Fv2%2Fmedia&parent=394"}],"curies":[{"name":"wp","href":"https:\/\/api.w.org\/{rel}","templated":true}]}}