{"id":242,"date":"2015-11-22T11:22:31","date_gmt":"2015-11-22T11:22:31","guid":{"rendered":"http:\/\/sabine-hartmann-sibbesse.de\/?page_id=242"},"modified":"2021-03-07T15:29:16","modified_gmt":"2021-03-07T15:29:16","slug":"wo-ist-merle","status":"publish","type":"page","link":"http:\/\/sabine-hartmann-sibbesse.de\/?page_id=242","title":{"rendered":"Wo ist Merle?"},"content":{"rendered":"<p>Bad Salzdetfurth kriminell<\/p>\n<p>Als Annabell gegen Abend nach Hause kommt, steht die Haust\u00fcr offen. Sie durchsucht das ganze Geb\u00e4ude. Ihre 9-j\u00e4hrige Tochter Merle ist spurlos <a href=\"http:\/\/sabine-hartmann-sibbesse.de\/wp-content\/uploads\/2015\/11\/Merle-Titel-3.jpg\"><img loading=\"lazy\" decoding=\"async\" class=\"alignnone size-medium wp-image-243 alignright\" src=\"http:\/\/sabine-hartmann-sibbesse.de\/wp-content\/uploads\/2015\/11\/Merle-Titel-3-198x300.jpg\" alt=\"Merle Titel 3\" width=\"198\" height=\"300\" srcset=\"http:\/\/sabine-hartmann-sibbesse.de\/wp-content\/uploads\/2015\/11\/Merle-Titel-3-198x300.jpg 198w, http:\/\/sabine-hartmann-sibbesse.de\/wp-content\/uploads\/2015\/11\/Merle-Titel-3-675x1024.jpg 675w, http:\/\/sabine-hartmann-sibbesse.de\/wp-content\/uploads\/2015\/11\/Merle-Titel-3-624x945.jpg 624w, http:\/\/sabine-hartmann-sibbesse.de\/wp-content\/uploads\/2015\/11\/Merle-Titel-3.jpg 732w\" sizes=\"auto, (max-width: 198px) 100vw, 198px\" \/><\/a>verschwunden.<\/p>\n<p>Sie informiert Ihren Mann, Polizeihauptkommissar Justus Kramer. Ist Merle zusammen mit ihrem Freund Theo weggelaufen? Oder wurde sie von einem Straft\u00e4ter entf\u00fchrt, der sich an Justus r\u00e4chen will?<\/p>\n","protected":false},"excerpt":{"rendered":"<p>Bad Salzdetfurth kriminell Als Annabell gegen Abend nach Hause kommt, steht die Haust\u00fcr offen. Sie durchsucht das ganze Geb\u00e4ude. Ihre 9-j\u00e4hrige Tochter Merle ist spurlos verschwunden. Sie informiert Ihren Mann, Polizeihauptkommissar Justus Kramer. Ist Merle zusammen mit ihrem Freund Theo weggelaufen? Oder wurde sie von einem Straft\u00e4ter entf\u00fchrt, der sich an Justus r\u00e4chen will?<\/p>\n","protected":false},"author":1,"featured_media":0,"parent":16,"menu_order":2,"comment_status":"open","ping_status":"open","template":"","meta":{"footnotes":""},"class_list":["post-242","page","type-page","status-publish","hentry"],"_links":{"self":[{"href":"http:\/\/sabine-hartmann-sibbesse.de\/index.php?rest_route=\/wp\/v2\/pages\/242","targetHints":{"allow":["GET"]}}],"collection":[{"href":"http:\/\/sabine-hartmann-sibbesse.de\/index.php?rest_route=\/wp\/v2\/pages"}],"about":[{"href":"http:\/\/sabine-hartmann-sibbesse.de\/index.php?rest_route=\/wp\/v2\/types\/page"}],"author":[{"embeddable":true,"href":"http:\/\/sabine-hartmann-sibbesse.de\/index.php?rest_route=\/wp\/v2\/users\/1"}],"replies":[{"embeddable":true,"href":"http:\/\/sabine-hartmann-sibbesse.de\/index.php?rest_route=%2Fwp%2Fv2%2Fcomments&post=242"}],"version-history":[{"count":3,"href":"http:\/\/sabine-hartmann-sibbesse.de\/index.php?rest_route=\/wp\/v2\/pages\/242\/revisions"}],"predecessor-version":[{"id":1137,"href":"http:\/\/sabine-hartmann-sibbesse.de\/index.php?rest_route=\/wp\/v2\/pages\/242\/revisions\/1137"}],"up":[{"embeddable":true,"href":"http:\/\/sabine-hartmann-sibbesse.de\/index.php?rest_route=\/wp\/v2\/pages\/16"}],"wp:attachment":[{"href":"http:\/\/sabine-hartmann-sibbesse.de\/index.php?rest_route=%2Fwp%2Fv2%2Fmedia&parent=242"}],"curies":[{"name":"wp","href":"https:\/\/api.w.org\/{rel}","templated":true}]}}