{"id":189,"date":"2014-11-30T16:30:19","date_gmt":"2014-11-30T16:30:19","guid":{"rendered":"http:\/\/sabine-hartmann-sibbesse.de\/?page_id=189"},"modified":"2014-11-30T16:30:45","modified_gmt":"2014-11-30T16:30:45","slug":"gesalzene-morde-kulinarische-krimis","status":"publish","type":"page","link":"http:\/\/sabine-hartmann-sibbesse.de\/?page_id=189","title":{"rendered":"GeSALZene Morde &#8211; kulinarische Krimis"},"content":{"rendered":"<p><strong>von Sabine Hartmann (Hg.)<br \/>\nkulinarische Krimis<br \/>\nPaperback, 364 Seiten, 9,90 \u20ac<a href=\"http:\/\/sabine-hartmann-sibbesse.de\/wp-content\/uploads\/2014\/11\/VS-Cover-GeSALZene-Morde-2.jpg\"><img loading=\"lazy\" decoding=\"async\" class=\"alignright wp-image-190 size-medium\" src=\"http:\/\/sabine-hartmann-sibbesse.de\/wp-content\/uploads\/2014\/11\/VS-Cover-GeSALZene-Morde-2-188x300.jpg\" alt=\"VS Cover GeSALZene Morde 2\" width=\"188\" height=\"300\" srcset=\"http:\/\/sabine-hartmann-sibbesse.de\/wp-content\/uploads\/2014\/11\/VS-Cover-GeSALZene-Morde-2-188x300.jpg 188w, http:\/\/sabine-hartmann-sibbesse.de\/wp-content\/uploads\/2014\/11\/VS-Cover-GeSALZene-Morde-2.jpg 575w\" sizes=\"auto, (max-width: 188px) 100vw, 188px\" \/><\/a><br \/>\n<\/strong><br \/>\nIn vino veritas \u2013 Im Wein liegt Wahrheit. Leider wird die sehr tr\u00fcbe, wenn der Wein vergiftet ist. In den kulinarischen Krimis aus Bad Salzdetfurth und Umgebung sind nicht nur die Getr\u00e4nke von fragw\u00fcrdigem Genuss, sondern auch etliche heimische und au\u00dfergew\u00f6hnliche Gerichte. Obwohl die Opfer nicht nur auf kulinarischem Weg um die Ecke gebracht werden, liegen einige F\u00e4lle Kriminalkommissar Justus Kramer schwer im Magen, bevor er sie mit seinem Team aufkl\u00e4ren kann. Manchmal ist er auch auf die Mithilfe aufmerksamer B\u00fcrger angewiesen.<\/p>\n","protected":false},"excerpt":{"rendered":"<p>von Sabine Hartmann (Hg.) kulinarische Krimis Paperback, 364 Seiten, 9,90 \u20ac In vino veritas \u2013 Im Wein liegt Wahrheit. Leider wird die sehr tr\u00fcbe, wenn der Wein vergiftet ist. In den kulinarischen Krimis aus Bad Salzdetfurth und Umgebung sind nicht nur die Getr\u00e4nke von fragw\u00fcrdigem Genuss, sondern auch etliche heimische und au\u00dfergew\u00f6hnliche Gerichte. Obwohl die [&hellip;]<\/p>\n","protected":false},"author":1,"featured_media":0,"parent":176,"menu_order":0,"comment_status":"open","ping_status":"open","template":"","meta":{"footnotes":""},"class_list":["post-189","page","type-page","status-publish","hentry"],"_links":{"self":[{"href":"http:\/\/sabine-hartmann-sibbesse.de\/index.php?rest_route=\/wp\/v2\/pages\/189","targetHints":{"allow":["GET"]}}],"collection":[{"href":"http:\/\/sabine-hartmann-sibbesse.de\/index.php?rest_route=\/wp\/v2\/pages"}],"about":[{"href":"http:\/\/sabine-hartmann-sibbesse.de\/index.php?rest_route=\/wp\/v2\/types\/page"}],"author":[{"embeddable":true,"href":"http:\/\/sabine-hartmann-sibbesse.de\/index.php?rest_route=\/wp\/v2\/users\/1"}],"replies":[{"embeddable":true,"href":"http:\/\/sabine-hartmann-sibbesse.de\/index.php?rest_route=%2Fwp%2Fv2%2Fcomments&post=189"}],"version-history":[{"count":1,"href":"http:\/\/sabine-hartmann-sibbesse.de\/index.php?rest_route=\/wp\/v2\/pages\/189\/revisions"}],"predecessor-version":[{"id":191,"href":"http:\/\/sabine-hartmann-sibbesse.de\/index.php?rest_route=\/wp\/v2\/pages\/189\/revisions\/191"}],"up":[{"embeddable":true,"href":"http:\/\/sabine-hartmann-sibbesse.de\/index.php?rest_route=\/wp\/v2\/pages\/176"}],"wp:attachment":[{"href":"http:\/\/sabine-hartmann-sibbesse.de\/index.php?rest_route=%2Fwp%2Fv2%2Fmedia&parent=189"}],"curies":[{"name":"wp","href":"https:\/\/api.w.org\/{rel}","templated":true}]}}