{"id":1275,"date":"2024-08-21T17:38:13","date_gmt":"2024-08-21T17:38:13","guid":{"rendered":"http:\/\/sabine-hartmann-sibbesse.de\/?page_id=1275"},"modified":"2024-08-21T17:38:13","modified_gmt":"2024-08-21T17:38:13","slug":"die-schreibbank","status":"publish","type":"page","link":"http:\/\/sabine-hartmann-sibbesse.de\/?page_id=1275","title":{"rendered":"Die Schreibbank"},"content":{"rendered":"\n<p>Diana Naumann<\/p>\n\n\n\n<p>Lothar gr\u00fcbelte vor sich hin und starrte auf die wei\u00dfe Seite des Schreibprogramms. \u201eNur einen kurzen Text f\u00fcr unsere Anthologie, h\u00f6chstens zwei oder drei Seiten\u201c, hatte sein Lektor gebettelt. Kurz, sch\u00f6n und gut, aber warum bittesch\u00f6n so schnell? H\u00e4tte er sich nicht fr\u00fcher melden k\u00f6nnen? Letzte Woche Mittwoch zum Beispiel, da hatte die Sonne geschienen. Kein Problem, ein bis zwei Stunden auf seiner Gartenbank und schon w\u00e4re der Auftrag erledigt gewesen. Zudem h\u00e4tte er auch etwas getaugt. Aber heute? Und dann auch noch \u00fcber Gl\u00fccksgef\u00fchle, ein d\u00fcmmeres Thema ist denen wohl nicht eingefallen. Lothar seufzte, stand auf und ging zum Fenster. Einen Moment sah er den dicken Regentropfen zu. Es half nichts, das Wetter w\u00fcrde heute nicht mehr besser werden, und heute Abend musste der Text im Verlag sein.<\/p>\n\n\n\n<p>Er zog seine Regenjacke an, packte den Laptop in eine Plastikt\u00fcte, nahm den gro\u00dfen Schirm mit dem langen Griff und ging zur Hintert\u00fcr hinaus in den Garten. Mit einem Handtuch wischte er die Sitzfl\u00e4che der Gartenbank und den kleinen Tisch trocken. Hier hatte er immer die besten Ideen. Er klappte den Laptop auf und klemmte sich den Schirm zwischen Hals und Schulter ein. Doch bevor er lostippen konnte, riss ihm eine Windb\u00f6e den Regenschutz aus der Hand und peitschte ihm die N\u00e4sse ins Gesicht. Er bugsierte den Schirm so, dass wenigstens der Laptop im Trockenen war und tippte drauf los.<\/p>\n\n\n\n<p>Eine Idee hatte sich in seine tr\u00fcben Gedanken geschlichen, das musste er ausnutzen. Der Regen tropfte ihm in den Kragen, doch er schrieb weiter, der k\u00fchle Wind lie\u00df ihn erschauern, doch er schrieb weiter. Schickte seine Heldin durch ein Gewitter, lie\u00df ihr einen heftigen Sturm entgegen wehen, sich durch unebenes Gel\u00e4nde k\u00e4mpfen, er lie\u00df sie st\u00fcrzen und sich wieder aufrappeln und hatte noch keine Ahnung wie genau er das Thema unterbringen sollte.<\/p>\n\n\n\n<p>Dann h\u00f6rte er eine Amsel auf dem Ast \u00fcber sich zwitschern, hob kurz den Blick und entdeckte \u00fcber seinem Haus einen Regenbogen.<\/p>\n\n\n\n<p>Bei genauem Hinsehen waren es sogar zwei. Seine Frau stand mit zwei Tassen Kaffee in der Eingangst\u00fcr. \u201eZeit f\u00fcr eine Pause?\u201c, fragte sie.<\/p>\n\n\n\n<p>Ein L\u00e4cheln zog \u00fcber sein Gesicht. Schnell tippte er die letzten Zeilen. \u201aDurchn\u00e4sst und leicht l\u00e4diert, aber \u00fcbergl\u00fccklich schloss Emilia die Arme um ihren Schatz, den sie am Fu\u00dfe des Regenbogens gefunden hatte und gab ihm einen langen Kuss.\u2018<\/p>\n\n\n\n<p>Lothar speicherte, zog seine Frau neben sich auf die Bank und dr\u00fcckte sie z\u00e4rtlich an sich. \u201eNein, fertig.\u201c<\/p>\n","protected":false},"excerpt":{"rendered":"<p>Diana Naumann Lothar gr\u00fcbelte vor sich hin und starrte auf die wei\u00dfe Seite des Schreibprogramms. \u201eNur einen kurzen Text f\u00fcr unsere Anthologie, h\u00f6chstens zwei oder drei Seiten\u201c, hatte sein Lektor gebettelt. Kurz, sch\u00f6n und gut, aber warum bittesch\u00f6n so schnell? H\u00e4tte er sich nicht fr\u00fcher melden k\u00f6nnen? Letzte Woche Mittwoch zum Beispiel, da hatte die [&hellip;]<\/p>\n","protected":false},"author":1,"featured_media":0,"parent":1266,"menu_order":4,"comment_status":"closed","ping_status":"closed","template":"","meta":{"footnotes":""},"class_list":["post-1275","page","type-page","status-publish","hentry"],"_links":{"self":[{"href":"http:\/\/sabine-hartmann-sibbesse.de\/index.php?rest_route=\/wp\/v2\/pages\/1275","targetHints":{"allow":["GET"]}}],"collection":[{"href":"http:\/\/sabine-hartmann-sibbesse.de\/index.php?rest_route=\/wp\/v2\/pages"}],"about":[{"href":"http:\/\/sabine-hartmann-sibbesse.de\/index.php?rest_route=\/wp\/v2\/types\/page"}],"author":[{"embeddable":true,"href":"http:\/\/sabine-hartmann-sibbesse.de\/index.php?rest_route=\/wp\/v2\/users\/1"}],"replies":[{"embeddable":true,"href":"http:\/\/sabine-hartmann-sibbesse.de\/index.php?rest_route=%2Fwp%2Fv2%2Fcomments&post=1275"}],"version-history":[{"count":1,"href":"http:\/\/sabine-hartmann-sibbesse.de\/index.php?rest_route=\/wp\/v2\/pages\/1275\/revisions"}],"predecessor-version":[{"id":1276,"href":"http:\/\/sabine-hartmann-sibbesse.de\/index.php?rest_route=\/wp\/v2\/pages\/1275\/revisions\/1276"}],"up":[{"embeddable":true,"href":"http:\/\/sabine-hartmann-sibbesse.de\/index.php?rest_route=\/wp\/v2\/pages\/1266"}],"wp:attachment":[{"href":"http:\/\/sabine-hartmann-sibbesse.de\/index.php?rest_route=%2Fwp%2Fv2%2Fmedia&parent=1275"}],"curies":[{"name":"wp","href":"https:\/\/api.w.org\/{rel}","templated":true}]}}