{"id":1273,"date":"2024-08-21T17:36:43","date_gmt":"2024-08-21T17:36:43","guid":{"rendered":"http:\/\/sabine-hartmann-sibbesse.de\/?page_id=1273"},"modified":"2024-08-21T17:36:43","modified_gmt":"2024-08-21T17:36:43","slug":"randale","status":"publish","type":"page","link":"http:\/\/sabine-hartmann-sibbesse.de\/?page_id=1273","title":{"rendered":"Randale"},"content":{"rendered":"\n<p>Suntje Sander<\/p>\n\n\n\n<p>Mein Geliebter,<\/p>\n\n\n\n<p>sehnsuchtsvoll hatte ich auf deine Nachricht gewartet. Jetzt endlich, nach ein paar Wochen, ist sie eingetroffen: Du konntest dich f\u00fcr ein paar Stunden frei machen, bist in der Gegend und willst dich mit mir am Wochenende treffen.<\/p>\n\n\n\n<p>&nbsp;Wenn ich auf unserer Bank sitze, mit dem Blick ins Leinetal, sp\u00fcre ich dich und vermisse dich. Die Sonne scheint mir ins Gesicht, und ich denke an dich. Hier tauschen wir Tausende K\u00fcsse aus, umarmen uns und versichern uns Liebe. Ich wei\u00df, du hast Verpflichtungen: Urlaub mit deiner Familie, die vielen Feiertage, du baust auf mein Verst\u00e4ndnis &#8211; wir lieben uns ja so &#8211; wir sind doch K\u00f6nigskinder &#8211; unsere K\u00f6rper und Seelen verschmelzen miteinander.&nbsp; In der Zeit ohne dich bin ich einsam. Immer bereit, falls m\u00f6glich. Ich sitze auf der harten Bank, warte und tr\u00e4ume, die Augen in die Ferne gerichtet. Mein Leben hat zu viele, lange, leere L\u00fccken.<\/p>\n\n\n\n<p>Du wunderst dich bestimmt, dass ich jetzt erst schreibe &#8211; fast h\u00e4tte ich es vergessen &#8211; doch da ist der Splitter in meinem Finger und das schmerzende Handgelenk. Es ist etwas passiert, mein Liebster.<\/p>\n\n\n\n<p>Unsere Bank wurde komplett zerst\u00f6rt. Man vermutet Randalierer. Die Zeit der Bank ist dahin, und sie hat die Erinnerungen an dich mitgenommen. Schluss, vorbei, zu Ende &#8211; wie unsere Beziehung.<\/p>\n\n\n\n<p>In vergangener Liebe<\/p>\n\n\n\n<p>Deine Geliebte<\/p>\n","protected":false},"excerpt":{"rendered":"<p>Suntje Sander Mein Geliebter, sehnsuchtsvoll hatte ich auf deine Nachricht gewartet. Jetzt endlich, nach ein paar Wochen, ist sie eingetroffen: Du konntest dich f\u00fcr ein paar Stunden frei machen, bist in der Gegend und willst dich mit mir am Wochenende treffen. &nbsp;Wenn ich auf unserer Bank sitze, mit dem Blick ins Leinetal, sp\u00fcre ich dich [&hellip;]<\/p>\n","protected":false},"author":1,"featured_media":0,"parent":1266,"menu_order":3,"comment_status":"closed","ping_status":"closed","template":"","meta":{"footnotes":""},"class_list":["post-1273","page","type-page","status-publish","hentry"],"_links":{"self":[{"href":"http:\/\/sabine-hartmann-sibbesse.de\/index.php?rest_route=\/wp\/v2\/pages\/1273","targetHints":{"allow":["GET"]}}],"collection":[{"href":"http:\/\/sabine-hartmann-sibbesse.de\/index.php?rest_route=\/wp\/v2\/pages"}],"about":[{"href":"http:\/\/sabine-hartmann-sibbesse.de\/index.php?rest_route=\/wp\/v2\/types\/page"}],"author":[{"embeddable":true,"href":"http:\/\/sabine-hartmann-sibbesse.de\/index.php?rest_route=\/wp\/v2\/users\/1"}],"replies":[{"embeddable":true,"href":"http:\/\/sabine-hartmann-sibbesse.de\/index.php?rest_route=%2Fwp%2Fv2%2Fcomments&post=1273"}],"version-history":[{"count":1,"href":"http:\/\/sabine-hartmann-sibbesse.de\/index.php?rest_route=\/wp\/v2\/pages\/1273\/revisions"}],"predecessor-version":[{"id":1274,"href":"http:\/\/sabine-hartmann-sibbesse.de\/index.php?rest_route=\/wp\/v2\/pages\/1273\/revisions\/1274"}],"up":[{"embeddable":true,"href":"http:\/\/sabine-hartmann-sibbesse.de\/index.php?rest_route=\/wp\/v2\/pages\/1266"}],"wp:attachment":[{"href":"http:\/\/sabine-hartmann-sibbesse.de\/index.php?rest_route=%2Fwp%2Fv2%2Fmedia&parent=1273"}],"curies":[{"name":"wp","href":"https:\/\/api.w.org\/{rel}","templated":true}]}}